{"id":1335,"date":"2025-08-05T10:16:04","date_gmt":"2025-08-05T08:16:04","guid":{"rendered":"https:\/\/elbon.rw2.de\/?page_id=1335"},"modified":"2025-08-29T11:49:41","modified_gmt":"2025-08-29T09:49:41","slug":"home","status":"publish","type":"page","link":"https:\/\/elbon.de\/de_de\/","title":{"rendered":"Safety for Innovation"},"content":{"rendered":"\n<p class=\"cyan\" style=\"margin-bottom:var(--wp--preset--spacing--20);font-size:16px\">Leitmotiv und Herausforderung<\/p>\n\n\n\n<div class=\"wp-block-uagb-icon-list uagb-block-1a5cf11f\"><div class=\"uagb-icon-list__wrap\">\n<div class=\"wp-block-uagb-icon-list-child uagb-block-bf32c23a\"><span class=\"uagb-icon-list__source-wrap\"><svg xmlns=\"https:\/\/www.w3.org\/2000\/svg\" viewBox=\"0 0 448 512\"><path d=\"M438.6 105.4C451.1 117.9 451.1 138.1 438.6 150.6L182.6 406.6C170.1 419.1 149.9 419.1 137.4 406.6L9.372 278.6C-3.124 266.1-3.124 245.9 9.372 233.4C21.87 220.9 42.13 220.9 54.63 233.4L159.1 338.7L393.4 105.4C405.9 92.88 426.1 92.88 438.6 105.4H438.6z\"><\/path><\/svg><\/span><span class=\"uagb-icon-list__label\">Sicheres Produkt<\/span><\/div>\n\n\n\n<div class=\"wp-block-uagb-icon-list-child uagb-block-6d1e12a5\"><span class=\"uagb-icon-list__source-wrap\"><svg xmlns=\"https:\/\/www.w3.org\/2000\/svg\" viewBox=\"0 0 448 512\"><path d=\"M438.6 105.4C451.1 117.9 451.1 138.1 438.6 150.6L182.6 406.6C170.1 419.1 149.9 419.1 137.4 406.6L9.372 278.6C-3.124 266.1-3.124 245.9 9.372 233.4C21.87 220.9 42.13 220.9 54.63 233.4L159.1 338.7L393.4 105.4C405.9 92.88 426.1 92.88 438.6 105.4H438.6z\"><\/path><\/svg><\/span><span class=\"uagb-icon-list__label\">Sorgf\u00e4ltige Verfahren<\/span><\/div>\n\n\n\n<div class=\"wp-block-uagb-icon-list-child uagb-block-7338e303\"><span class=\"uagb-icon-list__source-wrap\"><svg xmlns=\"https:\/\/www.w3.org\/2000\/svg\" viewBox=\"0 0 448 512\"><path d=\"M438.6 105.4C451.1 117.9 451.1 138.1 438.6 150.6L182.6 406.6C170.1 419.1 149.9 419.1 137.4 406.6L9.372 278.6C-3.124 266.1-3.124 245.9 9.372 233.4C21.87 220.9 42.13 220.9 54.63 233.4L159.1 338.7L393.4 105.4C405.9 92.88 426.1 92.88 438.6 105.4H438.6z\"><\/path><\/svg><\/span><span class=\"uagb-icon-list__label\">Gewissenhafte Organisation<\/span><\/div>\n<\/div><\/div>\n\n\n\n<p style=\"margin-bottom:var(--wp--preset--spacing--20);font-size:16px\">elbon unterst\u00fctzt elbon unterst\u00fctzt <span class=\"cyan\">Ihr Unternehmen<\/span> f\u00fcr <span class=\"cyan\">Ihre Innovation<\/span>.<\/p>\n\n\n\n<p class=\"cyan\" style=\"font-size:16px\">Sicherheit auf den Punkt bringen mit elbon.<\/p>\n","protected":false},"excerpt":{"rendered":"<p>Leitmotiv und Herausforderung elbon unterst\u00fctzt elbon unterst\u00fctzt Ihr Unternehmen f\u00fcr Ihre Innovation. Sicherheit auf den Punkt bringen mit elbon.<\/p>\n","protected":false},"author":3,"featured_media":739,"parent":0,"menu_order":1,"comment_status":"closed","ping_status":"closed","template":"elementor_theme","meta":{"_angie_page":false,"_uag_custom_page_level_css":"","site-sidebar-layout":"default","site-content-layout":"","ast-site-content-layout":"default","site-content-style":"default","site-sidebar-style":"default","ast-global-header-display":"","ast-banner-title-visibility":"","ast-main-header-display":"","ast-hfb-above-header-display":"","ast-hfb-below-header-display":"","ast-hfb-mobile-header-display":"","site-post-title":"disabled","ast-breadcrumbs-content":"","ast-featured-img":"disabled","footer-sml-layout":"","ast-disable-related-posts":"","theme-transparent-header-meta":"","adv-header-id-meta":"","stick-header-meta":"","header-above-stick-meta":"","header-main-stick-meta":"","header-below-stick-meta":"","astra-migrate-meta-layouts":"default","ast-page-background-enabled":"default","ast-page-background-meta":{"desktop":{"background-color":"var(--ast-global-color-5)","background-image":"","background-repeat":"repeat","background-position":"center center","background-size":"auto","background-attachment":"scroll","background-type":"","background-media":"","overlay-type":"","overlay-color":"","overlay-opacity":"","overlay-gradient":""},"tablet":{"background-color":"","background-image":"","background-repeat":"repeat","background-position":"center center","background-size":"auto","background-attachment":"scroll","background-type":"","background-media":"","overlay-type":"","overlay-color":"","overlay-opacity":"","overlay-gradient":""},"mobile":{"background-color":"","background-image":"","background-repeat":"repeat","background-position":"center center","background-size":"auto","background-attachment":"scroll","background-type":"","background-media":"","overlay-type":"","overlay-color":"","overlay-opacity":"","overlay-gradient":""}},"ast-content-background-meta":{"desktop":{"background-color":"var(--ast-global-color-4)","background-image":"","background-repeat":"repeat","background-position":"center center","background-size":"auto","background-attachment":"scroll","background-type":"","background-media":"","overlay-type":"","overlay-color":"","overlay-opacity":"","overlay-gradient":""},"tablet":{"background-color":"var(--ast-global-color-4)","background-image":"","background-repeat":"repeat","background-position":"center center","background-size":"auto","background-attachment":"scroll","background-type":"","background-media":"","overlay-type":"","overlay-color":"","overlay-opacity":"","overlay-gradient":""},"mobile":{"background-color":"var(--ast-global-color-4)","background-image":"","background-repeat":"repeat","background-position":"center center","background-size":"auto","background-attachment":"scroll","background-type":"","background-media":"","overlay-type":"","overlay-color":"","overlay-opacity":"","overlay-gradient":""}},"footnotes":""},"class_list":["post-1335","page","type-page","status-publish","has-post-thumbnail","hentry"],"spectra_custom_meta":{"_edit_last":["3"],"_edit_lock":["1756460993:3"],"_wp_page_template":["elementor_theme"],"header_bild":["43"],"_header_bild":["field_508fa023df3a4"],"_yoast_wpseo_linkdex":["56"],"_yoast_wpseo_focuskw":["safety"],"_yoast_wpseo_title":["Safety for Innovation - Elbon"],"_yoast_wpseo_metadesc":["Elbon hat sich als Leitmotiv \"safety for innovation\" gesetzt. Der Fokus liegt darauf, Unternehmen in der Innovation zu unterst\u00fctzen."],"_thumbnail_id":["739"],"site-sidebar-layout":["default"],"site-content-layout":[""],"ast-site-content-layout":["default"],"site-content-style":["default"],"site-sidebar-style":["default"],"ast-global-header-display":[""],"ast-banner-title-visibility":[""],"ast-main-header-display":[""],"ast-hfb-above-header-display":[""],"ast-hfb-below-header-display":[""],"ast-hfb-mobile-header-display":[""],"site-post-title":["disabled"],"ast-breadcrumbs-content":[""],"ast-featured-img":["disabled"],"footer-sml-layout":[""],"theme-transparent-header-meta":[""],"adv-header-id-meta":[""],"stick-header-meta":[""],"header-above-stick-meta":[""],"header-main-stick-meta":[""],"header-below-stick-meta":[""],"astra-migrate-meta-layouts":["default"],"ast-page-background-enabled":["default"],"ast-page-background-meta":["a:3:{s:7:\"desktop\";a:12:{s:16:\"background-color\";s:25:\"var(--ast-global-color-5)\";s:16:\"background-image\";s:0:\"\";s:17:\"background-repeat\";s:6:\"repeat\";s:19:\"background-position\";s:13:\"center center\";s:15:\"background-size\";s:4:\"auto\";s:21:\"background-attachment\";s:6:\"scroll\";s:15:\"background-type\";s:0:\"\";s:16:\"background-media\";s:0:\"\";s:12:\"overlay-type\";s:0:\"\";s:13:\"overlay-color\";s:0:\"\";s:15:\"overlay-opacity\";s:0:\"\";s:16:\"overlay-gradient\";s:0:\"\";}s:6:\"tablet\";a:12:{s:16:\"background-color\";s:0:\"\";s:16:\"background-image\";s:0:\"\";s:17:\"background-repeat\";s:6:\"repeat\";s:19:\"background-position\";s:13:\"center center\";s:15:\"background-size\";s:4:\"auto\";s:21:\"background-attachment\";s:6:\"scroll\";s:15:\"background-type\";s:0:\"\";s:16:\"background-media\";s:0:\"\";s:12:\"overlay-type\";s:0:\"\";s:13:\"overlay-color\";s:0:\"\";s:15:\"overlay-opacity\";s:0:\"\";s:16:\"overlay-gradient\";s:0:\"\";}s:6:\"mobile\";a:12:{s:16:\"background-color\";s:0:\"\";s:16:\"background-image\";s:0:\"\";s:17:\"background-repeat\";s:6:\"repeat\";s:19:\"background-position\";s:13:\"center center\";s:15:\"background-size\";s:4:\"auto\";s:21:\"background-attachment\";s:6:\"scroll\";s:15:\"background-type\";s:0:\"\";s:16:\"background-media\";s:0:\"\";s:12:\"overlay-type\";s:0:\"\";s:13:\"overlay-color\";s:0:\"\";s:15:\"overlay-opacity\";s:0:\"\";s:16:\"overlay-gradient\";s:0:\"\";}}"],"ast-content-background-meta":["a:3:{s:7:\"desktop\";a:12:{s:16:\"background-color\";s:25:\"var(--ast-global-color-4)\";s:16:\"background-image\";s:0:\"\";s:17:\"background-repeat\";s:6:\"repeat\";s:19:\"background-position\";s:13:\"center center\";s:15:\"background-size\";s:4:\"auto\";s:21:\"background-attachment\";s:6:\"scroll\";s:15:\"background-type\";s:0:\"\";s:16:\"background-media\";s:0:\"\";s:12:\"overlay-type\";s:0:\"\";s:13:\"overlay-color\";s:0:\"\";s:15:\"overlay-opacity\";s:0:\"\";s:16:\"overlay-gradient\";s:0:\"\";}s:6:\"tablet\";a:12:{s:16:\"background-color\";s:25:\"var(--ast-global-color-4)\";s:16:\"background-image\";s:0:\"\";s:17:\"background-repeat\";s:6:\"repeat\";s:19:\"background-position\";s:13:\"center center\";s:15:\"background-size\";s:4:\"auto\";s:21:\"background-attachment\";s:6:\"scroll\";s:15:\"background-type\";s:0:\"\";s:16:\"background-media\";s:0:\"\";s:12:\"overlay-type\";s:0:\"\";s:13:\"overlay-color\";s:0:\"\";s:15:\"overlay-opacity\";s:0:\"\";s:16:\"overlay-gradient\";s:0:\"\";}s:6:\"mobile\";a:12:{s:16:\"background-color\";s:25:\"var(--ast-global-color-4)\";s:16:\"background-image\";s:0:\"\";s:17:\"background-repeat\";s:6:\"repeat\";s:19:\"background-position\";s:13:\"center center\";s:15:\"background-size\";s:4:\"auto\";s:21:\"background-attachment\";s:6:\"scroll\";s:15:\"background-type\";s:0:\"\";s:16:\"background-media\";s:0:\"\";s:12:\"overlay-type\";s:0:\"\";s:13:\"overlay-color\";s:0:\"\";s:15:\"overlay-opacity\";s:0:\"\";s:16:\"overlay-gradient\";s:0:\"\";}}"],"footnotes":[""],"_elementor_data":["[{\"id\":\"25b0c065\",\"elType\":\"container\",\"settings\":{\"display_condition_list\":[{\"display_condition_login_status\":\"subscriber\",\"_id\":\"793442d\"}],\"_ha_condition_list\":[{\"_id\":\"561f588\"}],\"ha_cmc_text\":\"Happy Addons\",\"ha_gb_text\":\"New\",\"ha_gb_lottie_url\":\"https:\\\/\\\/assets4.lottiefiles.com\\\/private_files\\\/lf30_ujs3c7ok.json\"},\"elements\":[{\"id\":\"59baf4ec\",\"elType\":\"widget\",\"settings\":{\"editor\":\"<p>Leitmotiv und Herausforderung<\\\/p><ul class=\\\"haken homeul\\\"><li>Sicheres Produkt<\\\/li><li>Sorgf\\u00e4ltige Verfahren<\\\/li><li>Gewissenhafte Organisation<\\\/li><\\\/ul><p>elbon unterst\\u00fctzt<span class=\\\"cyan\\\" style=\\\"color: #33cccc;\\\"> Ihr Unternehmen<\\\/span> f\\u00fcr <span style=\\\"color: #33cccc;\\\"><span class=\\\"cyan\\\">Ihre Innovation<\\\/span>.<\\\/span><\\\/p><p><span class=\\\"cyan\\\" style=\\\"color: #33cccc;\\\">Sicherheit auf den Punkt bringen mit elbon.<\\\/span><\\\/p>\",\"display_condition_list\":[{\"display_condition_login_status\":\"subscriber\",\"_id\":\"9f9f7a3\"}],\"ha_advanced_tooltip_content\":\"I am a tooltip\",\"_ha_condition_list\":[{\"_id\":\"12c2e82\"}],\"ha_cmc_text\":\"Happy Addons\",\"ha_gb_text\":\"New\",\"ha_gb_lottie_url\":\"https:\\\/\\\/assets4.lottiefiles.com\\\/private_files\\\/lf30_ujs3c7ok.json\"},\"elements\":[],\"widgetType\":\"text-editor\"}],\"isInner\":false}]"],"_elementor_conditions":["a:0:{}"],"_elementor_version":["3.30.4"],"_elementor_pro_version":["3.30.1"],"_happyaddons_elements_cache":["a:0:{}"],"_elementor_page_settings":["a:1:{s:14:\"ha_grid_zindex\";s:4:\"1000\";}"],"_elementor_controls_usage":["a:2:{s:11:\"text-editor\";a:3:{s:5:\"count\";i:1;s:15:\"control_percent\";i:1;s:8:\"controls\";a:2:{s:7:\"content\";a:1:{s:14:\"section_editor\";a:1:{s:6:\"editor\";i:1;}}s:8:\"advanced\";a:3:{s:26:\"display_conditions_section\";a:1:{s:22:\"display_condition_list\";i:1;}s:28:\"_section_ha_advanced_tooltip\";a:1:{s:27:\"ha_advanced_tooltip_content\";i:1;}s:27:\"_section_happy_pro_features\";a:1:{s:18:\"_ha_condition_list\";i:1;}}}}s:9:\"container\";a:3:{s:5:\"count\";i:1;s:15:\"control_percent\";i:0;s:8:\"controls\";a:1:{s:8:\"advanced\";a:2:{s:26:\"display_conditions_section\";a:1:{s:22:\"display_condition_list\";i:1;}s:27:\"_section_happy_pro_features\";a:1:{s:18:\"_ha_condition_list\";i:1;}}}}}"],"_elementor_template_type":["wp-page"],"_uag_custom_page_level_css":[""],"_elementor_edit_mode":[""],"_uag_css_file_name":["uag-css-1335.css"],"_elementor_page_assets":["a:1:{s:7:\"scripts\";a:1:{i:0;s:18:\"elementor-frontend\";}}"],"_uag_page_assets":["a:9:{s:3:\"css\";s:5051:\".uagb-icon-list__wrap{display:flex;align-items:flex-start;justify-content:flex-start}.wp-block-uagb-icon-list-child{padding:0;transition:all 0.2s;display:inline-flex;color:#3a3a3a;align-items:center;text-decoration:none;box-shadow:none}.wp-block-uagb-icon-list-child span.uagb-icon-list__source-wrap{display:block;align-items:center}.uagb-icon-list__source-wrap svg{display:block}.uagb-icon-list__source-image{width:40px}.uagb-icon-list__outer-wrap .uagb-icon-list__content-wrap{color:#3a3a3a;display:flex;align-items:center}\n.wp-block-uagb-icon-list-child{position:relative}.wp-block-uagb-icon-list-child>a{position:absolute;top:0;left:0;width:100%;height:100%}img.uagb-icon-list__source-image{max-width:unset}.wp-block-uagb-icon-list-child .uagb-icon-list__label{word-break:break-word}\n.wp-block-uagb-icon-list.uagb-block-1a5cf11f .uagb-icon-list__source-image{width: 12px;}.wp-block-uagb-icon-list.uagb-block-1a5cf11f .wp-block-uagb-icon-list-child .uagb-icon-list__source-wrap svg{width: 12px;height: 12px;font-size: 12px;color: #2cb3c6;fill: #2cb3c6;}.wp-block-uagb-icon-list.uagb-block-1a5cf11f .wp-block-uagb-icon-list-child .uagb-icon-list__source-wrap{padding: 0px;border-radius: 0px;border-width: 0px;align-self: center;}.wp-block-uagb-icon-list.uagb-block-1a5cf11f .wp-block-uagb-icon-list-child .uagb-icon-list__label{font-size: 16px;text-decoration: !important;line-height: 16px;letter-spacing: 0px;}.wp-block-uagb-icon-list.uagb-block-1a5cf11f .uagb-icon-list__wrap{display: flex;flex-direction: column;justify-content: center;-webkit-box-pack: center;-ms-flex-pack: center;-webkit-box-align: flex-start;-ms-flex-align: flex-start;align-items: flex-start;margin-top: 0px;margin-right: 0px;margin-bottom: 0px;margin-left: 0px;padding-top: 0px;padding-right: 38px;padding-bottom: 0px;padding-left: 38px;}.wp-block-uagb-icon-list.uagb-block-1a5cf11f .uagb-icon-list__label{text-align: left;}.wp-block-uagb-icon-list.uagb-block-1a5cf11f .wp-block-uagb-icon-list-child{text-decoration: !important;font-size: 16px;line-height: 16px;}.wp-block-uagb-icon-list.uagb-block-1a5cf11f.wp-block-uagb-icon-list .wp-block-uagb-icon-list-child{margin-left: 0;margin-right: 0;margin-bottom: 10px;}.wp-block-uagb-icon-list.uagb-block-1a5cf11f .uagb-icon-list__source-wrap{margin-right: 15px;}.uagb-block-bf32c23a.wp-block-uagb-icon-list-child .uagb-icon-list__source-wrap{background:  !important;border-color:  !important;}.uagb-block-bf32c23a.wp-block-uagb-icon-list-child:hover .uagb-icon-list__source-wrap{background:  !important;border-color:  !important;}.uagb-block-6d1e12a5.wp-block-uagb-icon-list-child .uagb-icon-list__source-wrap{background:  !important;border-color:  !important;}.uagb-block-6d1e12a5.wp-block-uagb-icon-list-child:hover .uagb-icon-list__source-wrap{background:  !important;border-color:  !important;}.uagb-block-7338e303.wp-block-uagb-icon-list-child .uagb-icon-list__source-wrap{background:  !important;border-color:  !important;}.uagb-block-7338e303.wp-block-uagb-icon-list-child:hover .uagb-icon-list__source-wrap{background:  !important;border-color:  !important;}@media only screen and (max-width: 976px) {.wp-block-uagb-icon-list.uagb-block-1a5cf11f .uagb-icon-list__source-image{width: 12px;}.wp-block-uagb-icon-list.uagb-block-1a5cf11f .wp-block-uagb-icon-list-child .uagb-icon-list__source-wrap svg{width: 12px;height: 12px;font-size: 12px;}.wp-block-uagb-icon-list.uagb-block-1a5cf11f .wp-block-uagb-icon-list-child .uagb-icon-list__source-wrap {padding: 0px;border-width: 0px;align-self: center;}.wp-block-uagb-icon-list.uagb-block-1a5cf11f .uagb-icon-list__wrap{display: flex;flex-direction: column;justify-content: center;-webkit-box-pack: center;-ms-flex-pack: center;-webkit-box-align: flex-start;-ms-flex-align: flex-start;align-items: flex-start;}.wp-block-uagb-icon-list.uagb-block-1a5cf11f.wp-block-uagb-icon-list .wp-block-uagb-icon-list-child{margin-left: 0;margin-right: 0;margin-bottom: 10px;}}@media only screen and (max-width: 767px) {.wp-block-uagb-icon-list.uagb-block-1a5cf11f .uagb-icon-list__source-image{width: 12px;}.wp-block-uagb-icon-list.uagb-block-1a5cf11f .wp-block-uagb-icon-list-child .uagb-icon-list__source-wrap svg{width: 12px;height: 12px;font-size: 12px;}.wp-block-uagb-icon-list.uagb-block-1a5cf11f .wp-block-uagb-icon-list-child .uagb-icon-list__source-wrap{padding: 0px;border-width: 0px;align-self: center;}.wp-block-uagb-icon-list.uagb-block-1a5cf11f .uagb-icon-list__wrap{display: flex;flex-direction: column;justify-content: center;-webkit-box-pack: center;-ms-flex-pack: center;-webkit-box-align: flex-start;-ms-flex-align: flex-start;align-items: flex-start;}.wp-block-uagb-icon-list.uagb-block-1a5cf11f.wp-block-uagb-icon-list .wp-block-uagb-icon-list-child{margin-left: 0;margin-right: 0;margin-bottom: 10px;}}.uag-blocks-common-selector{z-index:var(--z-index-desktop) !important}@media (max-width: 976px){.uag-blocks-common-selector{z-index:var(--z-index-tablet) !important}}@media (max-width: 767px){.uag-blocks-common-selector{z-index:var(--z-index-mobile) !important}}\n\";s:2:\"js\";s:0:\"\";s:18:\"current_block_list\";a:4:{i:0;s:14:\"core\/paragraph\";i:1;s:14:\"uagb\/icon-list\";i:2;s:20:\"uagb\/icon-list-child\";i:3;s:10:\"core\/image\";}s:8:\"uag_flag\";b:1;s:11:\"uag_version\";s:10:\"1776766972\";s:6:\"gfonts\";a:0:{}s:10:\"gfonts_url\";s:0:\"\";s:12:\"gfonts_files\";a:0:{}s:14:\"uag_faq_layout\";b:0;}"]},"uagb_featured_image_src":{"full":["https:\/\/elbon.de\/wp-content\/uploads\/2025\/07\/home_header.jpg",601,200,false],"thumbnail":["https:\/\/elbon.de\/wp-content\/uploads\/2025\/07\/home_header-150x150.jpg",150,150,true],"medium":["https:\/\/elbon.de\/wp-content\/uploads\/2025\/07\/home_header-300x100.jpg",300,100,true],"medium_large":["https:\/\/elbon.de\/wp-content\/uploads\/2025\/07\/home_header.jpg",601,200,false],"large":["https:\/\/elbon.de\/wp-content\/uploads\/2025\/07\/home_header.jpg",601,200,false],"1536x1536":["https:\/\/elbon.de\/wp-content\/uploads\/2025\/07\/home_header.jpg",601,200,false],"2048x2048":["https:\/\/elbon.de\/wp-content\/uploads\/2025\/07\/home_header.jpg",601,200,false],"trp-custom-language-flag":["https:\/\/elbon.de\/wp-content\/uploads\/2025\/07\/home_header.jpg",18,6,false]},"uagb_author_info":{"display_name":"Willi Schneider","author_link":"https:\/\/elbon.de\/de_de\/author\/fedler\/"},"uagb_comment_info":0,"uagb_excerpt":"Leitmotiv und Herausforderung elbon unterst\u00fctzt elbon unterst\u00fctzt Ihr Unternehmen f\u00fcr Ihre Innovation. Sicherheit auf den Punkt bringen mit elbon.","_links":{"self":[{"href":"https:\/\/elbon.de\/de_de\/wp-json\/wp\/v2\/pages\/1335","targetHints":{"allow":["GET"]}}],"collection":[{"href":"https:\/\/elbon.de\/de_de\/wp-json\/wp\/v2\/pages"}],"about":[{"href":"https:\/\/elbon.de\/de_de\/wp-json\/wp\/v2\/types\/page"}],"author":[{"embeddable":true,"href":"https:\/\/elbon.de\/de_de\/wp-json\/wp\/v2\/users\/3"}],"replies":[{"embeddable":true,"href":"https:\/\/elbon.de\/de_de\/wp-json\/wp\/v2\/comments?post=1335"}],"version-history":[{"count":0,"href":"https:\/\/elbon.de\/de_de\/wp-json\/wp\/v2\/pages\/1335\/revisions"}],"wp:featuredmedia":[{"embeddable":true,"href":"https:\/\/elbon.de\/de_de\/wp-json\/wp\/v2\/media\/739"}],"wp:attachment":[{"href":"https:\/\/elbon.de\/de_de\/wp-json\/wp\/v2\/media?parent=1335"}],"curies":[{"name":"wp","href":"https:\/\/api.w.org\/{rel}","templated":true}]}}