{"id":20,"date":"2012-10-30T10:15:32","date_gmt":"2012-10-30T10:15:32","guid":{"rendered":"http:\/\/www.elbon.de\/wordpress\/?page_id=20"},"modified":"2025-08-19T13:43:13","modified_gmt":"2025-08-19T11:43:13","slug":"staerken","status":"publish","type":"page","link":"https:\/\/elbon.de\/de_de\/staerken\/","title":{"rendered":"St\u00e4rken"},"content":{"rendered":"\n<p style=\"margin-bottom:var(--wp--preset--spacing--20)\">Fachliche G\u00fcte<\/p>\n\n\n\n<div class=\"wp-block-uagb-icon-list uagb-block-cfcacb58\"><div class=\"uagb-icon-list__wrap\">\n<div class=\"wp-block-uagb-icon-list-child uagb-block-64e23f32\"><span class=\"uagb-icon-list__source-wrap\"><svg xmlns=\"https:\/\/www.w3.org\/2000\/svg\" viewBox=\"0 0 512 512\"><path d=\"M502.6 278.6l-128 128c-12.51 12.51-32.76 12.49-45.25 0c-12.5-12.5-12.5-32.75 0-45.25L402.8 288H32C14.31 288 0 273.7 0 255.1S14.31 224 32 224h370.8l-73.38-73.38c-12.5-12.5-12.5-32.75 0-45.25s32.75-12.5 45.25 0l128 128C515.1 245.9 515.1 266.1 502.6 278.6z\"><\/path><\/svg><\/span><span class=\"uagb-icon-list__label\">Technologie- und branchen\u00fcbergreifende Kenntnisse<\/span><\/div>\n\n\n\n<div class=\"wp-block-uagb-icon-list-child uagb-block-370384b4\"><span class=\"uagb-icon-list__source-wrap\"><svg xmlns=\"https:\/\/www.w3.org\/2000\/svg\" viewBox=\"0 0 512 512\"><path d=\"M502.6 278.6l-128 128c-12.51 12.51-32.76 12.49-45.25 0c-12.5-12.5-12.5-32.75 0-45.25L402.8 288H32C14.31 288 0 273.7 0 255.1S14.31 224 32 224h370.8l-73.38-73.38c-12.5-12.5-12.5-32.75 0-45.25s32.75-12.5 45.25 0l128 128C515.1 245.9 515.1 266.1 502.6 278.6z\"><\/path><\/svg><\/span><span class=\"uagb-icon-list__label\">Kompetenz in Methoden und Standards<br><span class=\"cyan\">IEC 61508, ISO 26262, ISO 13849, IEC 61025, VDA 4.2, etc.<\/span><\/span><\/div>\n\n\n\n<div class=\"wp-block-uagb-icon-list-child uagb-block-ad503e7c\"><span class=\"uagb-icon-list__source-wrap\"><svg xmlns=\"https:\/\/www.w3.org\/2000\/svg\" viewBox=\"0 0 512 512\"><path d=\"M502.6 278.6l-128 128c-12.51 12.51-32.76 12.49-45.25 0c-12.5-12.5-12.5-32.75 0-45.25L402.8 288H32C14.31 288 0 273.7 0 255.1S14.31 224 32 224h370.8l-73.38-73.38c-12.5-12.5-12.5-32.75 0-45.25s32.75-12.5 45.25 0l128 128C515.1 245.9 515.1 266.1 502.6 278.6z\"><\/path><\/svg><\/span><span class=\"uagb-icon-list__label\">Unparteiische Expertise <span class=\"cyan\">Neutralit\u00e4t, branchenweite T\u00e4tigkeit<\/span><\/span><\/div>\n\n\n\n<div class=\"wp-block-uagb-icon-list-child uagb-block-f6f9d050\"><span class=\"uagb-icon-list__source-wrap\"><svg xmlns=\"https:\/\/www.w3.org\/2000\/svg\" viewBox=\"0 0 512 512\"><path d=\"M502.6 278.6l-128 128c-12.51 12.51-32.76 12.49-45.25 0c-12.5-12.5-12.5-32.75 0-45.25L402.8 288H32C14.31 288 0 273.7 0 255.1S14.31 224 32 224h370.8l-73.38-73.38c-12.5-12.5-12.5-32.75 0-45.25s32.75-12.5 45.25 0l128 128C515.1 245.9 515.1 266.1 502.6 278.6z\"><\/path><\/svg><\/span><span class=\"uagb-icon-list__label\">Projekt- und Kundenspezifische L\u00f6sungen<\/span><\/div>\n<\/div><\/div>\n\n\n\n<p style=\"margin-bottom:var(--wp--preset--spacing--20)\">Pers\u00f6nliche Qualit\u00e4ten<\/p>\n\n\n\n<div class=\"wp-block-uagb-icon-list uagb-block-23a03553\"><div class=\"uagb-icon-list__wrap\">\n<div class=\"wp-block-uagb-icon-list-child uagb-block-e2fc75e8\"><span class=\"uagb-icon-list__source-wrap\"><svg xmlns=\"https:\/\/www.w3.org\/2000\/svg\" viewBox=\"0 0 512 512\"><path d=\"M502.6 278.6l-128 128c-12.51 12.51-32.76 12.49-45.25 0c-12.5-12.5-12.5-32.75 0-45.25L402.8 288H32C14.31 288 0 273.7 0 255.1S14.31 224 32 224h370.8l-73.38-73.38c-12.5-12.5-12.5-32.75 0-45.25s32.75-12.5 45.25 0l128 128C515.1 245.9 515.1 266.1 502.6 278.6z\"><\/path><\/svg><\/span><span class=\"uagb-icon-list__label\">Langj\u00e4hrige Multiprojekterfahrung<br><span class=\"cyan\">Seit mehr als 20 Jahren aktive Unterst\u00fctzung vieler Entwicklungen<\/span><\/span><\/div>\n\n\n\n<div class=\"wp-block-uagb-icon-list-child uagb-block-d3cac06a\"><span class=\"uagb-icon-list__source-wrap\"><svg xmlns=\"https:\/\/www.w3.org\/2000\/svg\" viewBox=\"0 0 512 512\"><path d=\"M502.6 278.6l-128 128c-12.51 12.51-32.76 12.49-45.25 0c-12.5-12.5-12.5-32.75 0-45.25L402.8 288H32C14.31 288 0 273.7 0 255.1S14.31 224 32 224h370.8l-73.38-73.38c-12.5-12.5-12.5-32.75 0-45.25s32.75-12.5 45.25 0l128 128C515.1 245.9 515.1 266.1 502.6 278.6z\"><\/path><\/svg><\/span><span class=\"uagb-icon-list__label\">Sorgf\u00e4ltige Arbeitsweise<\/span><\/div>\n\n\n\n<div class=\"wp-block-uagb-icon-list-child uagb-block-e68f0f49\"><span class=\"uagb-icon-list__source-wrap\"><svg xmlns=\"https:\/\/www.w3.org\/2000\/svg\" viewBox=\"0 0 512 512\"><path d=\"M502.6 278.6l-128 128c-12.51 12.51-32.76 12.49-45.25 0c-12.5-12.5-12.5-32.75 0-45.25L402.8 288H32C14.31 288 0 273.7 0 255.1S14.31 224 32 224h370.8l-73.38-73.38c-12.5-12.5-12.5-32.75 0-45.25s32.75-12.5 45.25 0l128 128C515.1 245.9 515.1 266.1 502.6 278.6z\"><\/path><\/svg><\/span><span class=\"uagb-icon-list__label\">Engagiert und zuverl\u00e4ssig <span class=\"cyan\">Ihrem Anliegen angepasst<\/span><\/span><\/div>\n\n\n\n<div class=\"wp-block-uagb-icon-list-child uagb-block-3495ca2d\"><span class=\"uagb-icon-list__source-wrap\"><svg xmlns=\"https:\/\/www.w3.org\/2000\/svg\" viewBox=\"0 0 512 512\"><path d=\"M502.6 278.6l-128 128c-12.51 12.51-32.76 12.49-45.25 0c-12.5-12.5-12.5-32.75 0-45.25L402.8 288H32C14.31 288 0 273.7 0 255.1S14.31 224 32 224h370.8l-73.38-73.38c-12.5-12.5-12.5-32.75 0-45.25s32.75-12.5 45.25 0l128 128C515.1 245.9 515.1 266.1 502.6 278.6z\"><\/path><\/svg><\/span><span class=\"uagb-icon-list__label\">Unabh\u00e4ngig und unvoreingenommen<\/span><\/div>\n\n\n\n<div class=\"wp-block-uagb-icon-list-child uagb-block-108941e5\"><span class=\"uagb-icon-list__source-wrap\"><svg xmlns=\"https:\/\/www.w3.org\/2000\/svg\" viewBox=\"0 0 512 512\"><path d=\"M502.6 278.6l-128 128c-12.51 12.51-32.76 12.49-45.25 0c-12.5-12.5-12.5-32.75 0-45.25L402.8 288H32C14.31 288 0 273.7 0 255.1S14.31 224 32 224h370.8l-73.38-73.38c-12.5-12.5-12.5-32.75 0-45.25s32.75-12.5 45.25 0l128 128C515.1 245.9 515.1 266.1 502.6 278.6z\"><\/path><\/svg><\/span><span class=\"uagb-icon-list__label\">Zielorientierte und selbst\u00e4ndige Arbeitsweise<\/span><\/div>\n<\/div><\/div>\n\n\n\n<p><strong class=\"cyan\">Der Nutzen f\u00fcr den Kunden ist der Fokus jedes Auftrages!<\/strong><\/p>\n","protected":false},"excerpt":{"rendered":"<p>Fachliche G\u00fcte Pers\u00f6nliche Qualit\u00e4ten Der Nutzen f\u00fcr den Kunden ist der Fokus jedes Auftrages!<\/p>\n","protected":false},"author":3,"featured_media":727,"parent":0,"menu_order":80,"comment_status":"closed","ping_status":"closed","template":"","meta":{"_angie_page":false,"_uag_custom_page_level_css":"","site-sidebar-layout":"default","site-content-layout":"","ast-site-content-layout":"default","site-content-style":"default","site-sidebar-style":"default","ast-global-header-display":"","ast-banner-title-visibility":"","ast-main-header-display":"","ast-hfb-above-header-display":"","ast-hfb-below-header-display":"","ast-hfb-mobile-header-display":"","site-post-title":"","ast-breadcrumbs-content":"","ast-featured-img":"","footer-sml-layout":"","ast-disable-related-posts":"","theme-transparent-header-meta":"","adv-header-id-meta":"","stick-header-meta":"","header-above-stick-meta":"","header-main-stick-meta":"","header-below-stick-meta":"","astra-migrate-meta-layouts":"default","ast-page-background-enabled":"default","ast-page-background-meta":{"desktop":{"background-color":"var(--ast-global-color-5)","background-image":"","background-repeat":"repeat","background-position":"center center","background-size":"auto","background-attachment":"scroll","background-type":"","background-media":"","overlay-type":"","overlay-color":"","overlay-opacity":"","overlay-gradient":""},"tablet":{"background-color":"","background-image":"","background-repeat":"repeat","background-position":"center center","background-size":"auto","background-attachment":"scroll","background-type":"","background-media":"","overlay-type":"","overlay-color":"","overlay-opacity":"","overlay-gradient":""},"mobile":{"background-color":"","background-image":"","background-repeat":"repeat","background-position":"center center","background-size":"auto","background-attachment":"scroll","background-type":"","background-media":"","overlay-type":"","overlay-color":"","overlay-opacity":"","overlay-gradient":""}},"ast-content-background-meta":{"desktop":{"background-color":"var(--ast-global-color-4)","background-image":"","background-repeat":"repeat","background-position":"center center","background-size":"auto","background-attachment":"scroll","background-type":"","background-media":"","overlay-type":"","overlay-color":"","overlay-opacity":"","overlay-gradient":""},"tablet":{"background-color":"var(--ast-global-color-4)","background-image":"","background-repeat":"repeat","background-position":"center center","background-size":"auto","background-attachment":"scroll","background-type":"","background-media":"","overlay-type":"","overlay-color":"","overlay-opacity":"","overlay-gradient":""},"mobile":{"background-color":"var(--ast-global-color-4)","background-image":"","background-repeat":"repeat","background-position":"center center","background-size":"auto","background-attachment":"scroll","background-type":"","background-media":"","overlay-type":"","overlay-color":"","overlay-opacity":"","overlay-gradient":""}},"footnotes":""},"class_list":["post-20","page","type-page","status-publish","has-post-thumbnail","hentry"],"spectra_custom_meta":{"_edit_last":["3"],"_edit_lock":["1755603794:3"],"_wp_page_template":["default"],"header_bild":["88"],"_header_bild":["field_508fa023df3a4"],"_thumbnail_id":["727"],"footnotes":[""],"_uag_css_file_name":["uag-css-20.css"],"_elementor_page_assets":["a:0:{}"],"_uag_page_assets":["a:9:{s:3:\"css\";s:9709:\".uagb-icon-list__wrap{display:flex;align-items:flex-start;justify-content:flex-start}.wp-block-uagb-icon-list-child{padding:0;transition:all 0.2s;display:inline-flex;color:#3a3a3a;align-items:center;text-decoration:none;box-shadow:none}.wp-block-uagb-icon-list-child span.uagb-icon-list__source-wrap{display:block;align-items:center}.uagb-icon-list__source-wrap svg{display:block}.uagb-icon-list__source-image{width:40px}.uagb-icon-list__outer-wrap .uagb-icon-list__content-wrap{color:#3a3a3a;display:flex;align-items:center}\n.wp-block-uagb-icon-list-child{position:relative}.wp-block-uagb-icon-list-child>a{position:absolute;top:0;left:0;width:100%;height:100%}img.uagb-icon-list__source-image{max-width:unset}.wp-block-uagb-icon-list-child .uagb-icon-list__label{word-break:break-word}\n.wp-block-uagb-icon-list.uagb-block-cfcacb58 .uagb-icon-list__source-image{width: 12px;}.wp-block-uagb-icon-list.uagb-block-cfcacb58 .wp-block-uagb-icon-list-child .uagb-icon-list__source-wrap svg{width: 12px;height: 12px;font-size: 12px;}.wp-block-uagb-icon-list.uagb-block-cfcacb58 .wp-block-uagb-icon-list-child .uagb-icon-list__source-wrap{padding: 0px;border-radius: 0px;border-width: 0px;align-self: center;}.wp-block-uagb-icon-list.uagb-block-cfcacb58 .wp-block-uagb-icon-list-child .uagb-icon-list__label{font-size: 13px;text-decoration: !important;line-height: 16px;letter-spacing: 0px;}.wp-block-uagb-icon-list.uagb-block-cfcacb58 .uagb-icon-list__wrap{display: flex;flex-direction: column;justify-content: center;-webkit-box-pack: center;-ms-flex-pack: center;-webkit-box-align: flex-start;-ms-flex-align: flex-start;align-items: flex-start;margin-top: 0px;margin-right: 0px;margin-bottom: 0px;margin-left: 0px;padding-top: 0px;padding-right: 38px;padding-bottom: 0px;padding-left: 38px;}.wp-block-uagb-icon-list.uagb-block-cfcacb58 .uagb-icon-list__label{text-align: left;}.wp-block-uagb-icon-list.uagb-block-cfcacb58 .wp-block-uagb-icon-list-child{text-decoration: !important;font-size: 13px;line-height: 16px;}.wp-block-uagb-icon-list.uagb-block-cfcacb58.wp-block-uagb-icon-list .wp-block-uagb-icon-list-child{margin-left: 0;margin-right: 0;margin-bottom: 10px;}.wp-block-uagb-icon-list.uagb-block-cfcacb58 .uagb-icon-list__source-wrap{margin-right: 15px;}.uagb-block-64e23f32.wp-block-uagb-icon-list-child .uagb-icon-list__source-wrap{background:  !important;border-color:  !important;}.uagb-block-64e23f32.wp-block-uagb-icon-list-child:hover .uagb-icon-list__source-wrap{background:  !important;border-color:  !important;}.uagb-block-370384b4.wp-block-uagb-icon-list-child .uagb-icon-list__source-wrap{background:  !important;border-color:  !important;}.uagb-block-370384b4.wp-block-uagb-icon-list-child:hover .uagb-icon-list__source-wrap{background:  !important;border-color:  !important;}.uagb-block-ad503e7c.wp-block-uagb-icon-list-child .uagb-icon-list__source-wrap{background:  !important;border-color:  !important;}.uagb-block-ad503e7c.wp-block-uagb-icon-list-child:hover .uagb-icon-list__source-wrap{background:  !important;border-color:  !important;}.uagb-block-f6f9d050.wp-block-uagb-icon-list-child .uagb-icon-list__source-wrap{background:  !important;border-color:  !important;}.uagb-block-f6f9d050.wp-block-uagb-icon-list-child:hover .uagb-icon-list__source-wrap{background:  !important;border-color:  !important;}.wp-block-uagb-icon-list.uagb-block-23a03553 .uagb-icon-list__source-image{width: 12px;}.wp-block-uagb-icon-list.uagb-block-23a03553 .wp-block-uagb-icon-list-child .uagb-icon-list__source-wrap svg{width: 12px;height: 12px;font-size: 12px;}.wp-block-uagb-icon-list.uagb-block-23a03553 .wp-block-uagb-icon-list-child .uagb-icon-list__source-wrap{padding: 0px;border-radius: 0px;border-width: 0px;align-self: center;}.wp-block-uagb-icon-list.uagb-block-23a03553 .wp-block-uagb-icon-list-child .uagb-icon-list__label{font-size: 13px;text-decoration: !important;line-height: 16px;letter-spacing: 0px;}.wp-block-uagb-icon-list.uagb-block-23a03553 .uagb-icon-list__wrap{display: flex;flex-direction: column;justify-content: center;-webkit-box-pack: center;-ms-flex-pack: center;-webkit-box-align: flex-start;-ms-flex-align: flex-start;align-items: flex-start;margin-top: 0px;margin-right: 0px;margin-bottom: 0px;margin-left: 0px;padding-top: 0px;padding-right: 38px;padding-bottom: 0px;padding-left: 38px;}.wp-block-uagb-icon-list.uagb-block-23a03553 .uagb-icon-list__label{text-align: left;}.wp-block-uagb-icon-list.uagb-block-23a03553 .wp-block-uagb-icon-list-child{text-decoration: !important;font-size: 13px;line-height: 16px;}.wp-block-uagb-icon-list.uagb-block-23a03553.wp-block-uagb-icon-list .wp-block-uagb-icon-list-child{margin-left: 0;margin-right: 0;margin-bottom: 10px;}.wp-block-uagb-icon-list.uagb-block-23a03553 .uagb-icon-list__source-wrap{margin-right: 15px;}.uagb-block-e2fc75e8.wp-block-uagb-icon-list-child .uagb-icon-list__source-wrap{background:  !important;border-color:  !important;}.uagb-block-e2fc75e8.wp-block-uagb-icon-list-child:hover .uagb-icon-list__source-wrap{background:  !important;border-color:  !important;}.uagb-block-d3cac06a.wp-block-uagb-icon-list-child .uagb-icon-list__source-wrap{background:  !important;border-color:  !important;}.uagb-block-d3cac06a.wp-block-uagb-icon-list-child:hover .uagb-icon-list__source-wrap{background:  !important;border-color:  !important;}.uagb-block-e68f0f49.wp-block-uagb-icon-list-child .uagb-icon-list__source-wrap{background:  !important;border-color:  !important;}.uagb-block-e68f0f49.wp-block-uagb-icon-list-child:hover .uagb-icon-list__source-wrap{background:  !important;border-color:  !important;}.uagb-block-3495ca2d.wp-block-uagb-icon-list-child .uagb-icon-list__source-wrap{background:  !important;border-color:  !important;}.uagb-block-3495ca2d.wp-block-uagb-icon-list-child:hover .uagb-icon-list__source-wrap{background:  !important;border-color:  !important;}.uagb-block-108941e5.wp-block-uagb-icon-list-child .uagb-icon-list__source-wrap{background:  !important;border-color:  !important;}.uagb-block-108941e5.wp-block-uagb-icon-list-child:hover .uagb-icon-list__source-wrap{background:  !important;border-color:  !important;}@media only screen and (max-width: 976px) {.wp-block-uagb-icon-list.uagb-block-cfcacb58 .uagb-icon-list__source-image{width: 12px;}.wp-block-uagb-icon-list.uagb-block-cfcacb58 .wp-block-uagb-icon-list-child .uagb-icon-list__source-wrap svg{width: 12px;height: 12px;font-size: 12px;}.wp-block-uagb-icon-list.uagb-block-cfcacb58 .wp-block-uagb-icon-list-child .uagb-icon-list__source-wrap {padding: 0px;border-width: 0px;align-self: center;}.wp-block-uagb-icon-list.uagb-block-cfcacb58 .uagb-icon-list__wrap{display: flex;flex-direction: column;justify-content: center;-webkit-box-pack: center;-ms-flex-pack: center;-webkit-box-align: flex-start;-ms-flex-align: flex-start;align-items: flex-start;}.wp-block-uagb-icon-list.uagb-block-cfcacb58.wp-block-uagb-icon-list .wp-block-uagb-icon-list-child{margin-left: 0;margin-right: 0;margin-bottom: 10px;}.wp-block-uagb-icon-list.uagb-block-23a03553 .uagb-icon-list__source-image{width: 12px;}.wp-block-uagb-icon-list.uagb-block-23a03553 .wp-block-uagb-icon-list-child .uagb-icon-list__source-wrap svg{width: 12px;height: 12px;font-size: 12px;}.wp-block-uagb-icon-list.uagb-block-23a03553 .wp-block-uagb-icon-list-child .uagb-icon-list__source-wrap {padding: 0px;border-width: 0px;align-self: center;}.wp-block-uagb-icon-list.uagb-block-23a03553 .uagb-icon-list__wrap{display: flex;flex-direction: column;justify-content: center;-webkit-box-pack: center;-ms-flex-pack: center;-webkit-box-align: flex-start;-ms-flex-align: flex-start;align-items: flex-start;}.wp-block-uagb-icon-list.uagb-block-23a03553.wp-block-uagb-icon-list .wp-block-uagb-icon-list-child{margin-left: 0;margin-right: 0;margin-bottom: 10px;}}@media only screen and (max-width: 767px) {.wp-block-uagb-icon-list.uagb-block-cfcacb58 .uagb-icon-list__source-image{width: 12px;}.wp-block-uagb-icon-list.uagb-block-cfcacb58 .wp-block-uagb-icon-list-child .uagb-icon-list__source-wrap svg{width: 12px;height: 12px;font-size: 12px;}.wp-block-uagb-icon-list.uagb-block-cfcacb58 .wp-block-uagb-icon-list-child .uagb-icon-list__source-wrap{padding: 0px;border-width: 0px;align-self: center;}.wp-block-uagb-icon-list.uagb-block-cfcacb58 .uagb-icon-list__wrap{display: flex;flex-direction: column;justify-content: center;-webkit-box-pack: center;-ms-flex-pack: center;-webkit-box-align: flex-start;-ms-flex-align: flex-start;align-items: flex-start;}.wp-block-uagb-icon-list.uagb-block-cfcacb58.wp-block-uagb-icon-list .wp-block-uagb-icon-list-child{margin-left: 0;margin-right: 0;margin-bottom: 10px;}.wp-block-uagb-icon-list.uagb-block-23a03553 .uagb-icon-list__source-image{width: 12px;}.wp-block-uagb-icon-list.uagb-block-23a03553 .wp-block-uagb-icon-list-child .uagb-icon-list__source-wrap svg{width: 12px;height: 12px;font-size: 12px;}.wp-block-uagb-icon-list.uagb-block-23a03553 .wp-block-uagb-icon-list-child .uagb-icon-list__source-wrap{padding: 0px;border-width: 0px;align-self: center;}.wp-block-uagb-icon-list.uagb-block-23a03553 .uagb-icon-list__wrap{display: flex;flex-direction: column;justify-content: center;-webkit-box-pack: center;-ms-flex-pack: center;-webkit-box-align: flex-start;-ms-flex-align: flex-start;align-items: flex-start;}.wp-block-uagb-icon-list.uagb-block-23a03553.wp-block-uagb-icon-list .wp-block-uagb-icon-list-child{margin-left: 0;margin-right: 0;margin-bottom: 10px;}}.uag-blocks-common-selector{z-index:var(--z-index-desktop) !important}@media (max-width: 976px){.uag-blocks-common-selector{z-index:var(--z-index-tablet) !important}}@media (max-width: 767px){.uag-blocks-common-selector{z-index:var(--z-index-mobile) !important}}\n\";s:2:\"js\";s:0:\"\";s:18:\"current_block_list\";a:4:{i:0;s:14:\"core\/paragraph\";i:1;s:14:\"uagb\/icon-list\";i:2;s:20:\"uagb\/icon-list-child\";i:3;s:10:\"core\/image\";}s:8:\"uag_flag\";b:1;s:11:\"uag_version\";s:10:\"1776772388\";s:6:\"gfonts\";a:0:{}s:10:\"gfonts_url\";s:0:\"\";s:12:\"gfonts_files\";a:0:{}s:14:\"uag_faq_layout\";b:0;}"]},"uagb_featured_image_src":{"full":["https:\/\/elbon.de\/wp-content\/uploads\/2025\/07\/header_staerken.jpg",601,200,false],"thumbnail":["https:\/\/elbon.de\/wp-content\/uploads\/2025\/07\/header_staerken-150x150.jpg",150,150,true],"medium":["https:\/\/elbon.de\/wp-content\/uploads\/2025\/07\/header_staerken-300x100.jpg",300,100,true],"medium_large":["https:\/\/elbon.de\/wp-content\/uploads\/2025\/07\/header_staerken.jpg",601,200,false],"large":["https:\/\/elbon.de\/wp-content\/uploads\/2025\/07\/header_staerken.jpg",601,200,false],"1536x1536":["https:\/\/elbon.de\/wp-content\/uploads\/2025\/07\/header_staerken.jpg",601,200,false],"2048x2048":["https:\/\/elbon.de\/wp-content\/uploads\/2025\/07\/header_staerken.jpg",601,200,false],"trp-custom-language-flag":["https:\/\/elbon.de\/wp-content\/uploads\/2025\/07\/header_staerken.jpg",18,6,false]},"uagb_author_info":{"display_name":"Willi Schneider","author_link":"https:\/\/elbon.de\/de_de\/author\/fedler\/"},"uagb_comment_info":0,"uagb_excerpt":"Fachliche G\u00fcte Pers\u00f6nliche Qualit\u00e4ten Der Nutzen f\u00fcr den Kunden ist der Fokus jedes Auftrages!","_links":{"self":[{"href":"https:\/\/elbon.de\/de_de\/wp-json\/wp\/v2\/pages\/20","targetHints":{"allow":["GET"]}}],"collection":[{"href":"https:\/\/elbon.de\/de_de\/wp-json\/wp\/v2\/pages"}],"about":[{"href":"https:\/\/elbon.de\/de_de\/wp-json\/wp\/v2\/types\/page"}],"author":[{"embeddable":true,"href":"https:\/\/elbon.de\/de_de\/wp-json\/wp\/v2\/users\/3"}],"replies":[{"embeddable":true,"href":"https:\/\/elbon.de\/de_de\/wp-json\/wp\/v2\/comments?post=20"}],"version-history":[{"count":0,"href":"https:\/\/elbon.de\/de_de\/wp-json\/wp\/v2\/pages\/20\/revisions"}],"wp:featuredmedia":[{"embeddable":true,"href":"https:\/\/elbon.de\/de_de\/wp-json\/wp\/v2\/media\/727"}],"wp:attachment":[{"href":"https:\/\/elbon.de\/de_de\/wp-json\/wp\/v2\/media?parent=20"}],"curies":[{"name":"wp","href":"https:\/\/api.w.org\/{rel}","templated":true}]}}