{"id":442,"date":"2014-04-08T09:28:48","date_gmt":"2014-04-08T09:28:48","guid":{"rendered":"http:\/\/www.elbon.de\/?page_id=442"},"modified":"2025-08-19T13:45:39","modified_gmt":"2025-08-19T11:45:39","slug":"fehlerbaumanalyse-grundlagen-und-praxis","status":"publish","type":"page","link":"https:\/\/elbon.de\/de_de\/schulungen-trainings\/fehlerbaumanalyse-grundlagen-und-praxis\/","title":{"rendered":"Fehlerbaumanalyse &#8211; Grundlagen und Praxis"},"content":{"rendered":"\n<p style=\"margin-bottom:var(--wp--preset--spacing--20)\">Theorie und Anwendung der Fehlerbaumanalyse (FTA). Seminardauer: 1\/2 \u2013 2 Tag(e) individuell nach Ihrem Bedarf.<\/p>\n\n\n\n<div class=\"wp-block-uagb-advanced-heading uagb-block-67a1eaf4\"><h3 class=\"uagb-heading-text\">Kurzbeschreibung<\/h3><\/div>\n\n\n\n<p style=\"margin-bottom:var(--wp--preset--spacing--20)\">Elemente und Methoden der FTA<\/p>\n\n\n\n<div class=\"wp-block-uagb-icon-list uagb-block-b1f87598\"><div class=\"uagb-icon-list__wrap\">\n<div class=\"wp-block-uagb-icon-list-child uagb-block-87145706\"><span class=\"uagb-icon-list__source-wrap\"><svg xmlns=\"https:\/\/www.w3.org\/2000\/svg\" viewBox=\"0 0 448 512\"><path d=\"M384 32C419.3 32 448 60.65 448 96V416C448 451.3 419.3 480 384 480H64C28.65 480 0 451.3 0 416V96C0 60.65 28.65 32 64 32H384zM339.8 211.8C350.7 200.9 350.7 183.1 339.8 172.2C328.9 161.3 311.1 161.3 300.2 172.2L192 280.4L147.8 236.2C136.9 225.3 119.1 225.3 108.2 236.2C97.27 247.1 97.27 264.9 108.2 275.8L172.2 339.8C183.1 350.7 200.9 350.7 211.8 339.8L339.8 211.8z\"><\/path><\/svg><\/span><span class=\"uagb-icon-list__label\">Wahrscheinlichkeitslogik<\/span><\/div>\n\n\n\n<div class=\"wp-block-uagb-icon-list-child uagb-block-98a6f2b7\"><span class=\"uagb-icon-list__source-wrap\"><svg xmlns=\"https:\/\/www.w3.org\/2000\/svg\" viewBox=\"0 0 448 512\"><path d=\"M384 32C419.3 32 448 60.65 448 96V416C448 451.3 419.3 480 384 480H64C28.65 480 0 451.3 0 416V96C0 60.65 28.65 32 64 32H384zM339.8 211.8C350.7 200.9 350.7 183.1 339.8 172.2C328.9 161.3 311.1 161.3 300.2 172.2L192 280.4L147.8 236.2C136.9 225.3 119.1 225.3 108.2 236.2C97.27 247.1 97.27 264.9 108.2 275.8L172.2 339.8C183.1 350.7 200.9 350.7 211.8 339.8L339.8 211.8z\"><\/path><\/svg><\/span><span class=\"uagb-icon-list__label\">Modellierung von Systemzust\u00e4nden<\/span><\/div>\n\n\n\n<div class=\"wp-block-uagb-icon-list-child uagb-block-977496ca\"><span class=\"uagb-icon-list__source-wrap\"><svg xmlns=\"https:\/\/www.w3.org\/2000\/svg\" viewBox=\"0 0 448 512\"><path d=\"M384 32C419.3 32 448 60.65 448 96V416C448 451.3 419.3 480 384 480H64C28.65 480 0 451.3 0 416V96C0 60.65 28.65 32 64 32H384zM339.8 211.8C350.7 200.9 350.7 183.1 339.8 172.2C328.9 161.3 311.1 161.3 300.2 172.2L192 280.4L147.8 236.2C136.9 225.3 119.1 225.3 108.2 236.2C97.27 247.1 97.27 264.9 108.2 275.8L172.2 339.8C183.1 350.7 200.9 350.7 211.8 339.8L339.8 211.8z\"><\/path><\/svg><\/span><span class=\"uagb-icon-list__label\">Sicherheitsnachweis<\/span><\/div>\n<\/div><\/div>\n\n\n\n<div class=\"wp-block-uagb-advanced-heading uagb-block-569e38fd\"><h3 class=\"uagb-heading-text\">Ziel und Nutzen<\/h3><\/div>\n\n\n\n<p style=\"margin-bottom:var(--wp--preset--spacing--20)\">Das Training vermittelt die Grundlagen f\u00fcr die korrekte Erstellung von Fehlerbaumanalysen bzw. f\u00fcr ein fachkundiges Review.<br>Dies beinhaltet die Kenntnis der erforderlichen Parameter f\u00fcr eine mathematisch korrekte Wahrscheinlichkeitsbestimmung. Weitere Auswerteverfahren werden erl\u00e4utert.<br>Die Schulungsunterlagen k\u00f6nnen als Nachschlagewerk f\u00fcr die Praxis benutzt werden.<br>Teilnahmezertifikat: Grundlagen und Praxis der Fehlerbaumanalyse<\/p>\n\n\n\n<div class=\"wp-block-uagb-advanced-heading uagb-block-2cc4d4d3\"><h3 class=\"uagb-heading-text\">Inhalt<\/h3><\/div>\n\n\n\n<p style=\"margin-bottom:var(--wp--preset--spacing--20)\">Die Fehlerbaumanalyse &#8211; auch Fehlzustandsbaumanalyse, en. Fault Tree Analysis &#8211; ist in vielen Branchen etabliert zur Ursachenermittlung potentiell sicherheitskritischer Ereignisse (Hazards). Sie erm\u00f6glicht es, Kombinationen von Einzelereignissen systematisch auf das m\u00f6gliche Eintreten eines oder mehrerer Hazards zu untersuchen. Dabei werden Wirkketten komplexer Zusammenh\u00e4nge in einer logischen Struktur grafisch dargestellt. Mit Hilfe von FTA-Spezialsoftware kann die Eintretenswahrscheinlichkeit f\u00fcr Fehlzust\u00e4nde und Hazards ermittelt werden, z.B. als Beitrag zu einem Sicherheitsnachweis. Die Anwendung der FTA-Methodik erfordert fundierte Kenntnisse von Wahrscheinlichkeitsrechnung, Zuverl\u00e4ssigkeitstheorie und logischer Modellierung von Wirkketten in technischen Systemen. Auswertungen durch Common-Cause-Analyse, Minimalschnittanalyse und Importanzmetriken werden erl\u00e4utert. Weiterhin werden m\u00f6gliche Verkn\u00fcpfungen und Kombinationen der FTA mit anderen Analyseverfahren und Aktivit\u00e4ten in Entwicklungsprojekten dargestellt. Das Seminar bietet f\u00fcr die Basiselemente der Fehlerbaumanalyse eine kompakte Einf\u00fchrung (0,5 Tage) ggf. erg\u00e4nzt durch praxisnahe Beispiele und \u00dcbungen (weitere 0,5 \u2013 1,5 Tage).<\/p>\n\n\n\n<div class=\"wp-block-uagb-advanced-heading uagb-block-34a05f37\"><h3 class=\"uagb-heading-text\">Zielgruppe<\/h3><\/div>\n\n\n\n<p style=\"margin-bottom:var(--wp--preset--spacing--20)\">Das Methodentraining richtet sich an angehende oder t\u00e4tige Systemalaytiker, Sicherheitsingenieure, Safety Manager und Qualit\u00e4tsingenieure.<\/p>\n\n\n\n<div class=\"wp-block-uagb-advanced-heading uagb-block-b7c78412\"><h3 class=\"uagb-heading-text\">Vorkenntnisse<\/h3><\/div>\n\n\n\n<p style=\"margin-bottom:var(--wp--preset--spacing--20)\">Mathematische Kenntnisse eines Ingenieurstudiengangs oder vergleichbarer Ausbildung sind erforderlich. Grundlagen der Wahrscheinlichkeitsrechnung sollten bekannt sein. Notwendig ist das Verst\u00e4ndnis von \u00fcblichen Darstellungen elektronischer Systeme wie HW-Blockdiagramme und\/oder SW-Beschreibungen. Vorteilhaft sind einschl\u00e4gige Kenntnisse der FMEA-Methodik oder anderer Systemanalyse-Erfahrung. Vorkenntnisse der Fehlerbaumanalyse sind nicht erforderlich.<\/p>\n\n\n\n<div class=\"wp-block-uagb-advanced-heading uagb-block-a090e50c\"><h3 class=\"uagb-heading-text\">Ihre Schulung<\/h3><\/div>\n\n\n\n<p style=\"margin-bottom:var(--wp--preset--spacing--20)\">M\u00f6chten Sie eine ma\u00dfgeschneiderte Schulung f\u00fcr die Belange Ihres Unternehmens? Gerne stimmen wir diese auf Ihre Themenschwerpunkte und auf Ihre konkreten Entwicklungen ab. <a href=\"\/ueber-uns\/\">Fragen Sie uns an<\/a>.<\/p>\n\n\n\n<div class=\"wp-block-uagb-advanced-heading uagb-block-f1b3dd07\"><h3 class=\"uagb-heading-text\">Teilnehmerzahl<\/h3><\/div>\n\n\n\n<p style=\"margin-bottom:var(--wp--preset--spacing--20)\">Ca. 4 bis 12 Personen<\/p>\n\n\n\n<h3 class=\"wp-block-heading\">Bew\u00e4hrtes Schulungskonzept<\/h3>\n\n\n\n<p style=\"margin-bottom:var(--wp--preset--spacing--20)\">Das gefiel fr\u00fcheren Teilnehmern an diesem Seminar:<\/p>\n\n\n\n<div class=\"wp-block-uagb-icon-list uagb-block-7fa60cf9\"><div class=\"uagb-icon-list__wrap\">\n<div class=\"wp-block-uagb-icon-list-child uagb-block-8b629aaa\"><span class=\"uagb-icon-list__source-wrap\"><svg xmlns=\"https:\/\/www.w3.org\/2000\/svg\" viewBox=\"0 0 512 512\"><path d=\"M128 447.1V223.1c0-17.67-14.33-31.1-32-31.1H32c-17.67 0-32 14.33-32 31.1v223.1c0 17.67 14.33 31.1 32 31.1h64C113.7 479.1 128 465.6 128 447.1zM512 224.1c0-26.5-21.48-47.98-48-47.98h-146.5c22.77-37.91 34.52-80.88 34.52-96.02C352 56.52 333.5 32 302.5 32c-63.13 0-26.36 76.15-108.2 141.6L178 186.6C166.2 196.1 160.2 210 160.1 224c-.0234 .0234 0 0 0 0L160 384c0 15.1 7.113 29.33 19.2 38.39l34.14 25.59C241 468.8 274.7 480 309.3 480H368c26.52 0 48-21.47 48-47.98c0-3.635-.4805-7.143-1.246-10.55C434 415.2 448 397.4 448 376c0-9.148-2.697-17.61-7.139-24.88C463.1 347 480 327.5 480 304.1c0-12.5-4.893-23.78-12.72-32.32C492.2 270.1 512 249.5 512 224.1z\"><\/path><\/svg><\/span><span class=\"uagb-icon-list__label\">Roter Faden in der Schulung<\/span><\/div>\n\n\n\n<div class=\"wp-block-uagb-icon-list-child uagb-block-a5a6cac6\"><span class=\"uagb-icon-list__source-wrap\"><svg xmlns=\"https:\/\/www.w3.org\/2000\/svg\" viewBox=\"0 0 512 512\"><path d=\"M128 447.1V223.1c0-17.67-14.33-31.1-32-31.1H32c-17.67 0-32 14.33-32 31.1v223.1c0 17.67 14.33 31.1 32 31.1h64C113.7 479.1 128 465.6 128 447.1zM512 224.1c0-26.5-21.48-47.98-48-47.98h-146.5c22.77-37.91 34.52-80.88 34.52-96.02C352 56.52 333.5 32 302.5 32c-63.13 0-26.36 76.15-108.2 141.6L178 186.6C166.2 196.1 160.2 210 160.1 224c-.0234 .0234 0 0 0 0L160 384c0 15.1 7.113 29.33 19.2 38.39l34.14 25.59C241 468.8 274.7 480 309.3 480H368c26.52 0 48-21.47 48-47.98c0-3.635-.4805-7.143-1.246-10.55C434 415.2 448 397.4 448 376c0-9.148-2.697-17.61-7.139-24.88C463.1 347 480 327.5 480 304.1c0-12.5-4.893-23.78-12.72-32.32C492.2 270.1 512 249.5 512 224.1z\"><\/path><\/svg><\/span><span class=\"uagb-icon-list__label\">Viele Beispiele<\/span><\/div>\n\n\n\n<div class=\"wp-block-uagb-icon-list-child uagb-block-948492d2\"><span class=\"uagb-icon-list__source-wrap\"><svg xmlns=\"https:\/\/www.w3.org\/2000\/svg\" viewBox=\"0 0 512 512\"><path d=\"M128 447.1V223.1c0-17.67-14.33-31.1-32-31.1H32c-17.67 0-32 14.33-32 31.1v223.1c0 17.67 14.33 31.1 32 31.1h64C113.7 479.1 128 465.6 128 447.1zM512 224.1c0-26.5-21.48-47.98-48-47.98h-146.5c22.77-37.91 34.52-80.88 34.52-96.02C352 56.52 333.5 32 302.5 32c-63.13 0-26.36 76.15-108.2 141.6L178 186.6C166.2 196.1 160.2 210 160.1 224c-.0234 .0234 0 0 0 0L160 384c0 15.1 7.113 29.33 19.2 38.39l34.14 25.59C241 468.8 274.7 480 309.3 480H368c26.52 0 48-21.47 48-47.98c0-3.635-.4805-7.143-1.246-10.55C434 415.2 448 397.4 448 376c0-9.148-2.697-17.61-7.139-24.88C463.1 347 480 327.5 480 304.1c0-12.5-4.893-23.78-12.72-32.32C492.2 270.1 512 249.5 512 224.1z\"><\/path><\/svg><\/span><span class=\"uagb-icon-list__label\">Direktes Eingehen auf konkrete Fragen<\/span><\/div>\n\n\n\n<div class=\"wp-block-uagb-icon-list-child uagb-block-6a07c389\"><span class=\"uagb-icon-list__source-wrap\"><svg xmlns=\"https:\/\/www.w3.org\/2000\/svg\" viewBox=\"0 0 512 512\"><path d=\"M128 447.1V223.1c0-17.67-14.33-31.1-32-31.1H32c-17.67 0-32 14.33-32 31.1v223.1c0 17.67 14.33 31.1 32 31.1h64C113.7 479.1 128 465.6 128 447.1zM512 224.1c0-26.5-21.48-47.98-48-47.98h-146.5c22.77-37.91 34.52-80.88 34.52-96.02C352 56.52 333.5 32 302.5 32c-63.13 0-26.36 76.15-108.2 141.6L178 186.6C166.2 196.1 160.2 210 160.1 224c-.0234 .0234 0 0 0 0L160 384c0 15.1 7.113 29.33 19.2 38.39l34.14 25.59C241 468.8 274.7 480 309.3 480H368c26.52 0 48-21.47 48-47.98c0-3.635-.4805-7.143-1.246-10.55C434 415.2 448 397.4 448 376c0-9.148-2.697-17.61-7.139-24.88C463.1 347 480 327.5 480 304.1c0-12.5-4.893-23.78-12.72-32.32C492.2 270.1 512 249.5 512 224.1z\"><\/path><\/svg><\/span><span class=\"uagb-icon-list__label\">Praxistipps<\/span><\/div>\n<\/div><\/div>\n\n\n\n<p>Trainingsinhalte als <a href=\"\/wp-content\/uploads\/2025\/08\/elbon.FTA-Training_DE-2025-08.pdf\" data-type=\"link\" data-id=\"\/wp-content\/uploads\/2025\/08\/elbon.FTA-Training_DE-2025-08.pdf\" target=\"_blank\" rel=\"noreferrer noopener\">PDF<\/a><\/p>\n","protected":false},"excerpt":{"rendered":"<p>Theorie und Anwendung der Fehlerbaumanalyse (FTA). Seminardauer: 1\/2 \u2013 2 Tag(e) individuell nach Ihrem Bedarf. Kurzbeschreibung Elemente und Methoden der [&hellip;]<\/p>\n","protected":false},"author":3,"featured_media":727,"parent":331,"menu_order":0,"comment_status":"closed","ping_status":"closed","template":"","meta":{"_angie_page":false,"_uag_custom_page_level_css":"","site-sidebar-layout":"default","site-content-layout":"","ast-site-content-layout":"default","site-content-style":"default","site-sidebar-style":"default","ast-global-header-display":"","ast-banner-title-visibility":"","ast-main-header-display":"","ast-hfb-above-header-display":"","ast-hfb-below-header-display":"","ast-hfb-mobile-header-display":"","site-post-title":"","ast-breadcrumbs-content":"","ast-featured-img":"","footer-sml-layout":"","ast-disable-related-posts":"","theme-transparent-header-meta":"","adv-header-id-meta":"","stick-header-meta":"","header-above-stick-meta":"","header-main-stick-meta":"","header-below-stick-meta":"","astra-migrate-meta-layouts":"default","ast-page-background-enabled":"default","ast-page-background-meta":{"desktop":{"background-color":"var(--ast-global-color-5)","background-image":"","background-repeat":"repeat","background-position":"center center","background-size":"auto","background-attachment":"scroll","background-type":"","background-media":"","overlay-type":"","overlay-color":"","overlay-opacity":"","overlay-gradient":""},"tablet":{"background-color":"","background-image":"","background-repeat":"repeat","background-position":"center center","background-size":"auto","background-attachment":"scroll","background-type":"","background-media":"","overlay-type":"","overlay-color":"","overlay-opacity":"","overlay-gradient":""},"mobile":{"background-color":"","background-image":"","background-repeat":"repeat","background-position":"center center","background-size":"auto","background-attachment":"scroll","background-type":"","background-media":"","overlay-type":"","overlay-color":"","overlay-opacity":"","overlay-gradient":""}},"ast-content-background-meta":{"desktop":{"background-color":"var(--ast-global-color-4)","background-image":"","background-repeat":"repeat","background-position":"center center","background-size":"auto","background-attachment":"scroll","background-type":"","background-media":"","overlay-type":"","overlay-color":"","overlay-opacity":"","overlay-gradient":""},"tablet":{"background-color":"var(--ast-global-color-4)","background-image":"","background-repeat":"repeat","background-position":"center center","background-size":"auto","background-attachment":"scroll","background-type":"","background-media":"","overlay-type":"","overlay-color":"","overlay-opacity":"","overlay-gradient":""},"mobile":{"background-color":"var(--ast-global-color-4)","background-image":"","background-repeat":"repeat","background-position":"center center","background-size":"auto","background-attachment":"scroll","background-type":"","background-media":"","overlay-type":"","overlay-color":"","overlay-opacity":"","overlay-gradient":""}},"footnotes":""},"class_list":["post-442","page","type-page","status-publish","has-post-thumbnail","hentry"],"spectra_custom_meta":{"_yoast_wpseo_linkdex":["59"],"_edit_last":["3"],"_edit_lock":["1755603940:3"],"_yoast_wpseo_focuskw":["Schulung Fehlerbaumanalyse"],"_yoast_wpseo_title":["Fehlerbaumanalyse - Grundlagen und Praxis - Elbon"],"_wp_page_template":["default"],"header_bild":["88"],"_header_bild":["field_508fa023df3a4"],"_thumbnail_id":["727"],"_uag_custom_page_level_css":[""],"site-sidebar-layout":["default"],"site-content-layout":[""],"ast-site-content-layout":["default"],"site-content-style":["default"],"site-sidebar-style":["default"],"ast-global-header-display":[""],"ast-banner-title-visibility":[""],"ast-main-header-display":[""],"ast-hfb-above-header-display":[""],"ast-hfb-below-header-display":[""],"ast-hfb-mobile-header-display":[""],"ast-breadcrumbs-content":[""],"ast-featured-img":[""],"footer-sml-layout":[""],"theme-transparent-header-meta":[""],"adv-header-id-meta":[""],"stick-header-meta":[""],"header-above-stick-meta":[""],"header-main-stick-meta":[""],"header-below-stick-meta":[""],"astra-migrate-meta-layouts":["default"],"ast-page-background-enabled":["default"],"ast-page-background-meta":["a:3:{s:7:\"desktop\";a:12:{s:16:\"background-color\";s:25:\"var(--ast-global-color-5)\";s:16:\"background-image\";s:0:\"\";s:17:\"background-repeat\";s:6:\"repeat\";s:19:\"background-position\";s:13:\"center center\";s:15:\"background-size\";s:4:\"auto\";s:21:\"background-attachment\";s:6:\"scroll\";s:15:\"background-type\";s:0:\"\";s:16:\"background-media\";s:0:\"\";s:12:\"overlay-type\";s:0:\"\";s:13:\"overlay-color\";s:0:\"\";s:15:\"overlay-opacity\";s:0:\"\";s:16:\"overlay-gradient\";s:0:\"\";}s:6:\"tablet\";a:12:{s:16:\"background-color\";s:0:\"\";s:16:\"background-image\";s:0:\"\";s:17:\"background-repeat\";s:6:\"repeat\";s:19:\"background-position\";s:13:\"center center\";s:15:\"background-size\";s:4:\"auto\";s:21:\"background-attachment\";s:6:\"scroll\";s:15:\"background-type\";s:0:\"\";s:16:\"background-media\";s:0:\"\";s:12:\"overlay-type\";s:0:\"\";s:13:\"overlay-color\";s:0:\"\";s:15:\"overlay-opacity\";s:0:\"\";s:16:\"overlay-gradient\";s:0:\"\";}s:6:\"mobile\";a:12:{s:16:\"background-color\";s:0:\"\";s:16:\"background-image\";s:0:\"\";s:17:\"background-repeat\";s:6:\"repeat\";s:19:\"background-position\";s:13:\"center center\";s:15:\"background-size\";s:4:\"auto\";s:21:\"background-attachment\";s:6:\"scroll\";s:15:\"background-type\";s:0:\"\";s:16:\"background-media\";s:0:\"\";s:12:\"overlay-type\";s:0:\"\";s:13:\"overlay-color\";s:0:\"\";s:15:\"overlay-opacity\";s:0:\"\";s:16:\"overlay-gradient\";s:0:\"\";}}"],"ast-content-background-meta":["a:3:{s:7:\"desktop\";a:12:{s:16:\"background-color\";s:25:\"var(--ast-global-color-4)\";s:16:\"background-image\";s:0:\"\";s:17:\"background-repeat\";s:6:\"repeat\";s:19:\"background-position\";s:13:\"center center\";s:15:\"background-size\";s:4:\"auto\";s:21:\"background-attachment\";s:6:\"scroll\";s:15:\"background-type\";s:0:\"\";s:16:\"background-media\";s:0:\"\";s:12:\"overlay-type\";s:0:\"\";s:13:\"overlay-color\";s:0:\"\";s:15:\"overlay-opacity\";s:0:\"\";s:16:\"overlay-gradient\";s:0:\"\";}s:6:\"tablet\";a:12:{s:16:\"background-color\";s:25:\"var(--ast-global-color-4)\";s:16:\"background-image\";s:0:\"\";s:17:\"background-repeat\";s:6:\"repeat\";s:19:\"background-position\";s:13:\"center center\";s:15:\"background-size\";s:4:\"auto\";s:21:\"background-attachment\";s:6:\"scroll\";s:15:\"background-type\";s:0:\"\";s:16:\"background-media\";s:0:\"\";s:12:\"overlay-type\";s:0:\"\";s:13:\"overlay-color\";s:0:\"\";s:15:\"overlay-opacity\";s:0:\"\";s:16:\"overlay-gradient\";s:0:\"\";}s:6:\"mobile\";a:12:{s:16:\"background-color\";s:25:\"var(--ast-global-color-4)\";s:16:\"background-image\";s:0:\"\";s:17:\"background-repeat\";s:6:\"repeat\";s:19:\"background-position\";s:13:\"center center\";s:15:\"background-size\";s:4:\"auto\";s:21:\"background-attachment\";s:6:\"scroll\";s:15:\"background-type\";s:0:\"\";s:16:\"background-media\";s:0:\"\";s:12:\"overlay-type\";s:0:\"\";s:13:\"overlay-color\";s:0:\"\";s:15:\"overlay-opacity\";s:0:\"\";s:16:\"overlay-gradient\";s:0:\"\";}}"],"footnotes":[""],"_elementor_edit_mode":[""],"_elementor_template_type":["wp-page"],"_elementor_data":[""],"_elementor_conditions":["a:0:{}"],"_elementor_version":["3.31.3"],"_elementor_pro_version":["3.31.2"],"_elementor_page_settings":["a:0:{}"],"_uag_css_file_name":["uag-css-442.css"],"_elementor_page_assets":["a:0:{}"]},"uagb_featured_image_src":{"full":["https:\/\/elbon.de\/wp-content\/uploads\/2025\/07\/header_staerken.jpg",601,200,false],"thumbnail":["https:\/\/elbon.de\/wp-content\/uploads\/2025\/07\/header_staerken-150x150.jpg",150,150,true],"medium":["https:\/\/elbon.de\/wp-content\/uploads\/2025\/07\/header_staerken-300x100.jpg",300,100,true],"medium_large":["https:\/\/elbon.de\/wp-content\/uploads\/2025\/07\/header_staerken.jpg",601,200,false],"large":["https:\/\/elbon.de\/wp-content\/uploads\/2025\/07\/header_staerken.jpg",601,200,false],"1536x1536":["https:\/\/elbon.de\/wp-content\/uploads\/2025\/07\/header_staerken.jpg",601,200,false],"2048x2048":["https:\/\/elbon.de\/wp-content\/uploads\/2025\/07\/header_staerken.jpg",601,200,false],"trp-custom-language-flag":["https:\/\/elbon.de\/wp-content\/uploads\/2025\/07\/header_staerken.jpg",18,6,false]},"uagb_author_info":{"display_name":"Willi Schneider","author_link":"https:\/\/elbon.de\/de_de\/author\/fedler\/"},"uagb_comment_info":0,"uagb_excerpt":"Theorie und Anwendung der Fehlerbaumanalyse (FTA). Seminardauer: 1\/2 \u2013 2 Tag(e) individuell nach Ihrem Bedarf. Kurzbeschreibung Elemente und Methoden der [&hellip;]","_links":{"self":[{"href":"https:\/\/elbon.de\/de_de\/wp-json\/wp\/v2\/pages\/442","targetHints":{"allow":["GET"]}}],"collection":[{"href":"https:\/\/elbon.de\/de_de\/wp-json\/wp\/v2\/pages"}],"about":[{"href":"https:\/\/elbon.de\/de_de\/wp-json\/wp\/v2\/types\/page"}],"author":[{"embeddable":true,"href":"https:\/\/elbon.de\/de_de\/wp-json\/wp\/v2\/users\/3"}],"replies":[{"embeddable":true,"href":"https:\/\/elbon.de\/de_de\/wp-json\/wp\/v2\/comments?post=442"}],"version-history":[{"count":0,"href":"https:\/\/elbon.de\/de_de\/wp-json\/wp\/v2\/pages\/442\/revisions"}],"up":[{"embeddable":true,"href":"https:\/\/elbon.de\/de_de\/wp-json\/wp\/v2\/pages\/331"}],"wp:featuredmedia":[{"embeddable":true,"href":"https:\/\/elbon.de\/de_de\/wp-json\/wp\/v2\/media\/727"}],"wp:attachment":[{"href":"https:\/\/elbon.de\/de_de\/wp-json\/wp\/v2\/media?parent=442"}],"curies":[{"name":"wp","href":"https:\/\/api.w.org\/{rel}","templated":true}]}}