{"id":2,"date":"2012-10-30T08:26:45","date_gmt":"2012-10-30T08:26:45","guid":{"rendered":"http:\/\/www.elbon.de\/wordpress\/?page_id=2"},"modified":"2025-08-19T13:27:23","modified_gmt":"2025-08-19T11:27:23","slug":"safety","status":"publish","type":"page","link":"https:\/\/elbon.de\/en\/safety\/","title":{"rendered":"Safety"},"content":{"rendered":"<p><strong>Perceived safety<\/strong><\/p>\n\n\n\n<p>In everyday life, safety is a subjective judgement.<br>We feel safe when we do not perceive any uncontrollable threats.<\/p>\n\n\n\n<div class=\"wp-block-uagb-icon-list uagb-block-3a08a719\"><div class=\"uagb-icon-list__wrap\">\n<div class=\"wp-block-uagb-icon-list-child uagb-block-16826a79\"><span class=\"uagb-icon-list__source-wrap\"><svg xmlns=\"https:\/\/www.w3.org\/2000\/svg\" viewbox=\"0 0 512 512\"><path d=\"M502.6 278.6l-128 128c-12.51 12.51-32.76 12.49-45.25 0c-12.5-12.5-12.5-32.75 0-45.25L402.8 288H32C14.31 288 0 273.7 0 255.1S14.31 224 32 224h370.8l-73.38-73.38c-12.5-12.5-12.5-32.75 0-45.25s32.75-12.5 45.25 0l128 128C515.1 245.9 515.1 266.1 502.6 278.6z\"><\/path><\/svg><\/span><span class=\"uagb-icon-list__label\">Proven things often give us a feeling of safety<\/span><\/div>\n\n\n\n<div class=\"wp-block-uagb-icon-list-child uagb-block-b077054a\"><span class=\"uagb-icon-list__source-wrap\"><svg xmlns=\"https:\/\/www.w3.org\/2000\/svg\" viewbox=\"0 0 512 512\"><path d=\"M502.6 278.6l-128 128c-12.51 12.51-32.76 12.49-45.25 0c-12.5-12.5-12.5-32.75 0-45.25L402.8 288H32C14.31 288 0 273.7 0 255.1S14.31 224 32 224h370.8l-73.38-73.38c-12.5-12.5-12.5-32.75 0-45.25s32.75-12.5 45.25 0l128 128C515.1 245.9 515.1 266.1 502.6 278.6z\"><\/path><\/svg><\/span><span class=\"uagb-icon-list__label\">New things require a leap of faith<\/span><\/div>\n<\/div><\/div>\n\n\n\n<p><strong>Assessed safety<\/strong><\/p>\n\n\n\n<p>Safety is the freedom from unreasonable risks.<br>Risk is the combination of the severity and probability of possible damage.<\/p>\n\n\n\n<div class=\"wp-block-uagb-icon-list uagb-block-3da0ffa5\"><div class=\"uagb-icon-list__wrap\">\n<div class=\"wp-block-uagb-icon-list-child uagb-block-c393b72c\"><span class=\"uagb-icon-list__source-wrap\"><svg xmlns=\"https:\/\/www.w3.org\/2000\/svg\" viewbox=\"0 0 512 512\"><path d=\"M502.6 278.6l-128 128c-12.51 12.51-32.76 12.49-45.25 0c-12.5-12.5-12.5-32.75 0-45.25L402.8 288H32C14.31 288 0 273.7 0 255.1S14.31 224 32 224h370.8l-73.38-73.38c-12.5-12.5-12.5-32.75 0-45.25s32.75-12.5 45.25 0l128 128C515.1 245.9 515.1 266.1 502.6 278.6z\"><\/path><\/svg><\/span><span class=\"uagb-icon-list__label\">Safety can be assessed using verifiable criteria<\/span><\/div>\n\n\n\n<div class=\"wp-block-uagb-icon-list-child uagb-block-2ba2a84f\"><span class=\"uagb-icon-list__source-wrap\"><svg xmlns=\"https:\/\/www.w3.org\/2000\/svg\" viewbox=\"0 0 512 512\"><path d=\"M502.6 278.6l-128 128c-12.51 12.51-32.76 12.49-45.25 0c-12.5-12.5-12.5-32.75 0-45.25L402.8 288H32C14.31 288 0 273.7 0 255.1S14.31 224 32 224h370.8l-73.38-73.38c-12.5-12.5-12.5-32.75 0-45.25s32.75-12.5 45.25 0l128 128C515.1 245.9 515.1 266.1 502.6 278.6z\"><\/path><\/svg><\/span><span class=\"uagb-icon-list__label\">Trust grows with careful proof of safety<\/span><\/div>\n<\/div><\/div>\n\n\n\n<p><\/p>","protected":false},"excerpt":{"rendered":"<p>Gef\u00fchlte Sicherheit Im Alltag bedeutet Sicherheit eine subjektive Einsch\u00e4tzung.Wir f\u00fchlen uns sicher, wenn wir keine unkontrollierbare Bedrohungen empfinden. Bewertete Sicherheit [&hellip;]<\/p>\n","protected":false},"author":3,"featured_media":752,"parent":0,"menu_order":10,"comment_status":"open","ping_status":"open","template":"","meta":{"_angie_page":false,"_uag_custom_page_level_css":"","site-sidebar-layout":"default","site-content-layout":"","ast-site-content-layout":"default","site-content-style":"default","site-sidebar-style":"default","ast-global-header-display":"","ast-banner-title-visibility":"","ast-main-header-display":"","ast-hfb-above-header-display":"","ast-hfb-below-header-display":"","ast-hfb-mobile-header-display":"","site-post-title":"","ast-breadcrumbs-content":"","ast-featured-img":"","footer-sml-layout":"","ast-disable-related-posts":"","theme-transparent-header-meta":"","adv-header-id-meta":"","stick-header-meta":"","header-above-stick-meta":"","header-main-stick-meta":"","header-below-stick-meta":"","astra-migrate-meta-layouts":"default","ast-page-background-enabled":"default","ast-page-background-meta":{"desktop":{"background-color":"var(--ast-global-color-5)","background-image":"","background-repeat":"repeat","background-position":"center center","background-size":"auto","background-attachment":"scroll","background-type":"","background-media":"","overlay-type":"","overlay-color":"","overlay-opacity":"","overlay-gradient":""},"tablet":{"background-color":"","background-image":"","background-repeat":"repeat","background-position":"center center","background-size":"auto","background-attachment":"scroll","background-type":"","background-media":"","overlay-type":"","overlay-color":"","overlay-opacity":"","overlay-gradient":""},"mobile":{"background-color":"","background-image":"","background-repeat":"repeat","background-position":"center center","background-size":"auto","background-attachment":"scroll","background-type":"","background-media":"","overlay-type":"","overlay-color":"","overlay-opacity":"","overlay-gradient":""}},"ast-content-background-meta":{"desktop":{"background-color":"var(--ast-global-color-4)","background-image":"","background-repeat":"repeat","background-position":"center center","background-size":"auto","background-attachment":"scroll","background-type":"","background-media":"","overlay-type":"","overlay-color":"","overlay-opacity":"","overlay-gradient":""},"tablet":{"background-color":"var(--ast-global-color-4)","background-image":"","background-repeat":"repeat","background-position":"center center","background-size":"auto","background-attachment":"scroll","background-type":"","background-media":"","overlay-type":"","overlay-color":"","overlay-opacity":"","overlay-gradient":""},"mobile":{"background-color":"var(--ast-global-color-4)","background-image":"","background-repeat":"repeat","background-position":"center center","background-size":"auto","background-attachment":"scroll","background-type":"","background-media":"","overlay-type":"","overlay-color":"","overlay-opacity":"","overlay-gradient":""}},"footnotes":""},"class_list":["post-2","page","type-page","status-publish","has-post-thumbnail","hentry"],"spectra_custom_meta":{"_wp_page_template":["default"],"_edit_lock":["1755602844:3"],"_edit_last":["3"],"header_bild":["49"],"_header_bild":["field_508fa023df3a4"],"_thumbnail_id":["752"],"_uag_css_file_name":["uag-css-2.css"],"_elementor_page_assets":["a:0:{}"]},"uagb_featured_image_src":{"full":["https:\/\/elbon.de\/wp-content\/uploads\/2025\/07\/safety_header.jpg",601,200,false],"thumbnail":["https:\/\/elbon.de\/wp-content\/uploads\/2025\/07\/safety_header-150x150.jpg",150,150,true],"medium":["https:\/\/elbon.de\/wp-content\/uploads\/2025\/07\/safety_header-300x100.jpg",300,100,true],"medium_large":["https:\/\/elbon.de\/wp-content\/uploads\/2025\/07\/safety_header.jpg",601,200,false],"large":["https:\/\/elbon.de\/wp-content\/uploads\/2025\/07\/safety_header.jpg",601,200,false],"1536x1536":["https:\/\/elbon.de\/wp-content\/uploads\/2025\/07\/safety_header.jpg",601,200,false],"2048x2048":["https:\/\/elbon.de\/wp-content\/uploads\/2025\/07\/safety_header.jpg",601,200,false],"trp-custom-language-flag":["https:\/\/elbon.de\/wp-content\/uploads\/2025\/07\/safety_header.jpg",18,6,false]},"uagb_author_info":{"display_name":"Willi Schneider","author_link":"https:\/\/elbon.de\/en\/author\/fedler\/"},"uagb_comment_info":0,"uagb_excerpt":"Gef\u00fchlte Sicherheit Im Alltag bedeutet Sicherheit eine subjektive Einsch\u00e4tzung.Wir f\u00fchlen uns sicher, wenn wir keine unkontrollierbare Bedrohungen empfinden. Bewertete Sicherheit [&hellip;]","_links":{"self":[{"href":"https:\/\/elbon.de\/en\/wp-json\/wp\/v2\/pages\/2","targetHints":{"allow":["GET"]}}],"collection":[{"href":"https:\/\/elbon.de\/en\/wp-json\/wp\/v2\/pages"}],"about":[{"href":"https:\/\/elbon.de\/en\/wp-json\/wp\/v2\/types\/page"}],"author":[{"embeddable":true,"href":"https:\/\/elbon.de\/en\/wp-json\/wp\/v2\/users\/3"}],"replies":[{"embeddable":true,"href":"https:\/\/elbon.de\/en\/wp-json\/wp\/v2\/comments?post=2"}],"version-history":[{"count":0,"href":"https:\/\/elbon.de\/en\/wp-json\/wp\/v2\/pages\/2\/revisions"}],"wp:featuredmedia":[{"embeddable":true,"href":"https:\/\/elbon.de\/en\/wp-json\/wp\/v2\/media\/752"}],"wp:attachment":[{"href":"https:\/\/elbon.de\/en\/wp-json\/wp\/v2\/media?parent=2"}],"curies":[{"name":"wp","href":"https:\/\/api.w.org\/{rel}","templated":true}]}}