{"id":476,"date":"2014-06-03T08:51:33","date_gmt":"2014-06-03T08:51:33","guid":{"rendered":"http:\/\/www.elbon.de\/?page_id=476"},"modified":"2025-08-29T11:54:59","modified_gmt":"2025-08-29T09:54:59","slug":"supportleistungen-beispiel","status":"publish","type":"page","link":"https:\/\/elbon.de\/en\/portfolio\/supportleistungen-beispiel\/","title":{"rendered":"Support services - example"},"content":{"rendered":"<p class=\"translation-block\">Below an excerpt of the support services that are possible in your project in accordance with ISO 26262. If you cannot find your problem here, please <a href=\"\/en\/ueber-elbon\/\" target=\"_self\" role=\"link\">contact us<\/a>!<\/p>\n\n\n\n<h3 class=\"wp-block-heading\">Organizational support in safety management:<\/h3>\n\n\n\n<div class=\"wp-block-uagb-icon-list uagb-block-600e4dcf\"><div class=\"uagb-icon-list__wrap\">\n<div class=\"wp-block-uagb-icon-list-child uagb-block-b5f47a7e\"><span class=\"uagb-icon-list__source-wrap\"><svg xmlns=\"https:\/\/www.w3.org\/2000\/svg\" viewbox=\"0 0 512 512\"><path d=\"M502.6 278.6l-128 128c-12.51 12.51-32.76 12.49-45.25 0c-12.5-12.5-12.5-32.75 0-45.25L402.8 288H32C14.31 288 0 273.7 0 255.1S14.31 224 32 224h370.8l-73.38-73.38c-12.5-12.5-12.5-32.75 0-45.25s32.75-12.5 45.25 0l128 128C515.1 245.9 515.1 266.1 502.6 278.6z\"><\/path><\/svg><\/span><span class=\"uagb-icon-list__label\"><span class=\"cyan\">Safety Plan<\/span>: Determination of project-specific activities for the work products required by ISO 26262 (tailoring)<\/span><\/div>\n\n\n\n<div class=\"wp-block-uagb-icon-list-child uagb-block-55291203\"><span class=\"uagb-icon-list__source-wrap\"><svg xmlns=\"https:\/\/www.w3.org\/2000\/svg\" viewbox=\"0 0 512 512\"><path d=\"M502.6 278.6l-128 128c-12.51 12.51-32.76 12.49-45.25 0c-12.5-12.5-12.5-32.75 0-45.25L402.8 288H32C14.31 288 0 273.7 0 255.1S14.31 224 32 224h370.8l-73.38-73.38c-12.5-12.5-12.5-32.75 0-45.25s32.75-12.5 45.25 0l128 128C515.1 245.9 515.1 266.1 502.6 278.6z\"><\/path><\/svg><\/span><span class=\"uagb-icon-list__label\"><span class=\"cyan\">Development Interface Agreements (DIA):&nbsp;<\/span>Work product differentiation between customers and suppliers in distributed development<\/span><\/div>\n\n\n\n<div class=\"wp-block-uagb-icon-list-child uagb-block-d9a1a441\"><span class=\"uagb-icon-list__source-wrap\"><svg xmlns=\"https:\/\/www.w3.org\/2000\/svg\" viewbox=\"0 0 512 512\"><path d=\"M502.6 278.6l-128 128c-12.51 12.51-32.76 12.49-45.25 0c-12.5-12.5-12.5-32.75 0-45.25L402.8 288H32C14.31 288 0 273.7 0 255.1S14.31 224 32 224h370.8l-73.38-73.38c-12.5-12.5-12.5-32.75 0-45.25s32.75-12.5 45.25 0l128 128C515.1 245.9 515.1 266.1 502.6 278.6z\"><\/path><\/svg><\/span><span class=\"uagb-icon-list__label\"><span class=\"cyan\">ASIL tailoring:&nbsp;<\/span>Determination of the ASIL-dependent requirements for the method and content of the work products<\/span><\/div>\n\n\n\n<div class=\"wp-block-uagb-icon-list-child uagb-block-88273563\"><span class=\"uagb-icon-list__source-wrap\"><svg xmlns=\"https:\/\/www.w3.org\/2000\/svg\" viewbox=\"0 0 512 512\"><path d=\"M502.6 278.6l-128 128c-12.51 12.51-32.76 12.49-45.25 0c-12.5-12.5-12.5-32.75 0-45.25L402.8 288H32C14.31 288 0 273.7 0 255.1S14.31 224 32 224h370.8l-73.38-73.38c-12.5-12.5-12.5-32.75 0-45.25s32.75-12.5 45.25 0l128 128C515.1 245.9 515.1 266.1 502.6 278.6z\"><\/path><\/svg><\/span><span class=\"uagb-icon-list__label\"><span class=\"cyan\">Continuous project support:&nbsp;<\/span>Regular evaluation of performance progress for the safety case (internal and external contributions)<\/span><\/div>\n<\/div><\/div>\n\n\n\n<h3 class=\"wp-block-heading\">Support with safety engineering:<\/h3>\n\n\n\n<div class=\"wp-block-uagb-icon-list uagb-block-2273c798\"><div class=\"uagb-icon-list__wrap\">\n<div class=\"wp-block-uagb-icon-list-child uagb-block-adb74d42\"><span class=\"uagb-icon-list__source-wrap\"><svg xmlns=\"https:\/\/www.w3.org\/2000\/svg\" viewbox=\"0 0 512 512\"><path d=\"M502.6 278.6l-128 128c-12.51 12.51-32.76 12.49-45.25 0c-12.5-12.5-12.5-32.75 0-45.25L402.8 288H32C14.31 288 0 273.7 0 255.1S14.31 224 32 224h370.8l-73.38-73.38c-12.5-12.5-12.5-32.75 0-45.25s32.75-12.5 45.25 0l128 128C515.1 245.9 515.1 266.1 502.6 278.6z\"><\/path><\/svg><\/span><span class=\"uagb-icon-list__label\"><span class=\"cyan\">Safety concept:&nbsp;<\/span>Derivation from higher-level safety requirements, traceability to hazard and risk analysis or customer requirements, ASIL decomposition<\/span><\/div>\n\n\n\n<div class=\"wp-block-uagb-icon-list-child uagb-block-7cac8883\"><span class=\"uagb-icon-list__source-wrap\"><svg xmlns=\"https:\/\/www.w3.org\/2000\/svg\" viewbox=\"0 0 512 512\"><path d=\"M502.6 278.6l-128 128c-12.51 12.51-32.76 12.49-45.25 0c-12.5-12.5-12.5-32.75 0-45.25L402.8 288H32C14.31 288 0 273.7 0 255.1S14.31 224 32 224h370.8l-73.38-73.38c-12.5-12.5-12.5-32.75 0-45.25s32.75-12.5 45.25 0l128 128C515.1 245.9 515.1 266.1 502.6 278.6z\"><\/path><\/svg><\/span><span class=\"uagb-icon-list__label\"><span class=\"cyan\">Safety Requirements Engineering:&nbsp;<\/span>Best practice in the development and traceability of security requirements<\/span><\/div>\n\n\n\n<div class=\"wp-block-uagb-icon-list-child uagb-block-264fdfa8\"><span class=\"uagb-icon-list__source-wrap\"><svg xmlns=\"https:\/\/www.w3.org\/2000\/svg\" viewbox=\"0 0 512 512\"><path d=\"M502.6 278.6l-128 128c-12.51 12.51-32.76 12.49-45.25 0c-12.5-12.5-12.5-32.75 0-45.25L402.8 288H32C14.31 288 0 273.7 0 255.1S14.31 224 32 224h370.8l-73.38-73.38c-12.5-12.5-12.5-32.75 0-45.25s32.75-12.5 45.25 0l128 128C515.1 245.9 515.1 266.1 502.6 278.6z\"><\/path><\/svg><\/span><span class=\"uagb-icon-list__label\"><span class=\"cyan\">Verification techniques:&nbsp;<\/span>Walkthrough or review with defined quality characteristics<\/span><\/div>\n<\/div><\/div>\n\n\n\n<h3 class=\"wp-block-heading\">Verification and validation (V&amp;V):<\/h3>\n\n\n\n<div class=\"wp-block-uagb-icon-list uagb-block-5d37e698\"><div class=\"uagb-icon-list__wrap\">\n<div class=\"wp-block-uagb-icon-list-child uagb-block-c2a309dd\"><span class=\"uagb-icon-list__source-wrap\"><svg xmlns=\"https:\/\/www.w3.org\/2000\/svg\" viewbox=\"0 0 512 512\"><path d=\"M502.6 278.6l-128 128c-12.51 12.51-32.76 12.49-45.25 0c-12.5-12.5-12.5-32.75 0-45.25L402.8 288H32C14.31 288 0 273.7 0 255.1S14.31 224 32 224h370.8l-73.38-73.38c-12.5-12.5-12.5-32.75 0-45.25s32.75-12.5 45.25 0l128 128C515.1 245.9 515.1 266.1 502.6 278.6z\"><\/path><\/svg><\/span><span class=\"uagb-icon-list__label\"><span class=\"cyan\">Verification strategy:&nbsp;<\/span>Identification of suitable combinations of review methods, analyses and tests<\/span><\/div>\n\n\n\n<div class=\"wp-block-uagb-icon-list-child uagb-block-55beffcd\"><span class=\"uagb-icon-list__source-wrap\"><svg xmlns=\"https:\/\/www.w3.org\/2000\/svg\" viewbox=\"0 0 512 512\"><path d=\"M502.6 278.6l-128 128c-12.51 12.51-32.76 12.49-45.25 0c-12.5-12.5-12.5-32.75 0-45.25L402.8 288H32C14.31 288 0 273.7 0 255.1S14.31 224 32 224h370.8l-73.38-73.38c-12.5-12.5-12.5-32.75 0-45.25s32.75-12.5 45.25 0l128 128C515.1 245.9 515.1 266.1 502.6 278.6z\"><\/path><\/svg><\/span><span class=\"uagb-icon-list__label\"><span class=\"cyan\">Safety analyses:&nbsp;<\/span>Carrying out inductive and deductive analyses (<span class=\"cyan\">FMEA, FTA, HAZOP&nbsp;<\/span>etc.)<\/span><\/div>\n\n\n\n<div class=\"wp-block-uagb-icon-list-child uagb-block-cb217972\"><span class=\"uagb-icon-list__source-wrap\"><svg xmlns=\"https:\/\/www.w3.org\/2000\/svg\" viewbox=\"0 0 512 512\"><path d=\"M502.6 278.6l-128 128c-12.51 12.51-32.76 12.49-45.25 0c-12.5-12.5-12.5-32.75 0-45.25L402.8 288H32C14.31 288 0 273.7 0 255.1S14.31 224 32 224h370.8l-73.38-73.38c-12.5-12.5-12.5-32.75 0-45.25s32.75-12.5 45.25 0l128 128C515.1 245.9 515.1 266.1 502.6 278.6z\"><\/path><\/svg><\/span><span class=\"uagb-icon-list__label\"><span class=\"cyan\">Test concept and test case determination:&nbsp;<\/span>Selection of suitable methods, test coverage and acceptance criteria at different test levels<\/span><\/div>\n\n\n\n<div class=\"wp-block-uagb-icon-list-child uagb-block-7641cbc2\"><span class=\"uagb-icon-list__source-wrap\"><svg xmlns=\"https:\/\/www.w3.org\/2000\/svg\" viewbox=\"0 0 512 512\"><path d=\"M502.6 278.6l-128 128c-12.51 12.51-32.76 12.49-45.25 0c-12.5-12.5-12.5-32.75 0-45.25L402.8 288H32C14.31 288 0 273.7 0 255.1S14.31 224 32 224h370.8l-73.38-73.38c-12.5-12.5-12.5-32.75 0-45.25s32.75-12.5 45.25 0l128 128C515.1 245.9 515.1 266.1 502.6 278.6z\"><\/path><\/svg><\/span><span class=\"uagb-icon-list__label\"><span class=\"cyan\">Follow-Up<\/span> of the V&amp;V measures: Evaluation of content and technical results<\/span><\/div>\n<\/div><\/div>","protected":false},"excerpt":{"rendered":"<p>Im Folgenden ein Auszug, welche Supportleistungen in Ihrem Projekt gem\u00e4\u00df ISO 26262 m\u00f6glich sind. Wenn Sie Ihre Problemstellung hier nicht [&hellip;]<\/p>\n","protected":false},"author":3,"featured_media":723,"parent":13,"menu_order":0,"comment_status":"closed","ping_status":"closed","template":"","meta":{"_angie_page":false,"_uag_custom_page_level_css":"","site-sidebar-layout":"default","site-content-layout":"","ast-site-content-layout":"default","site-content-style":"default","site-sidebar-style":"default","ast-global-header-display":"","ast-banner-title-visibility":"","ast-main-header-display":"","ast-hfb-above-header-display":"","ast-hfb-below-header-display":"","ast-hfb-mobile-header-display":"","site-post-title":"","ast-breadcrumbs-content":"","ast-featured-img":"","footer-sml-layout":"","ast-disable-related-posts":"","theme-transparent-header-meta":"","adv-header-id-meta":"","stick-header-meta":"","header-above-stick-meta":"","header-main-stick-meta":"","header-below-stick-meta":"","astra-migrate-meta-layouts":"default","ast-page-background-enabled":"default","ast-page-background-meta":{"desktop":{"background-color":"var(--ast-global-color-5)","background-image":"","background-repeat":"repeat","background-position":"center center","background-size":"auto","background-attachment":"scroll","background-type":"","background-media":"","overlay-type":"","overlay-color":"","overlay-opacity":"","overlay-gradient":""},"tablet":{"background-color":"","background-image":"","background-repeat":"repeat","background-position":"center center","background-size":"auto","background-attachment":"scroll","background-type":"","background-media":"","overlay-type":"","overlay-color":"","overlay-opacity":"","overlay-gradient":""},"mobile":{"background-color":"","background-image":"","background-repeat":"repeat","background-position":"center center","background-size":"auto","background-attachment":"scroll","background-type":"","background-media":"","overlay-type":"","overlay-color":"","overlay-opacity":"","overlay-gradient":""}},"ast-content-background-meta":{"desktop":{"background-color":"var(--ast-global-color-4)","background-image":"","background-repeat":"repeat","background-position":"center center","background-size":"auto","background-attachment":"scroll","background-type":"","background-media":"","overlay-type":"","overlay-color":"","overlay-opacity":"","overlay-gradient":""},"tablet":{"background-color":"var(--ast-global-color-4)","background-image":"","background-repeat":"repeat","background-position":"center center","background-size":"auto","background-attachment":"scroll","background-type":"","background-media":"","overlay-type":"","overlay-color":"","overlay-opacity":"","overlay-gradient":""},"mobile":{"background-color":"var(--ast-global-color-4)","background-image":"","background-repeat":"repeat","background-position":"center center","background-size":"auto","background-attachment":"scroll","background-type":"","background-media":"","overlay-type":"","overlay-color":"","overlay-opacity":"","overlay-gradient":""}},"footnotes":""},"class_list":["post-476","page","type-page","status-publish","has-post-thumbnail","hentry"],"spectra_custom_meta":{"_yoast_wpseo_linkdex":["61"],"_edit_last":["3"],"_edit_lock":["1756461302:3"],"_yoast_wpseo_focuskw":["Supportleistungen"],"_yoast_wpseo_title":["m\u00f6gliche Supportleistungen durch elbon GmbH"],"_yoast_wpseo_metadesc":["Supportleistungen bei Safety engineering, Verifikation \/ Validierung, Safety Management: Beispiel f\u00fcr m\u00f6gliche Unterst\u00fctzungsleistungen durch elbon GmbH"],"_wp_page_template":["default"],"header_bild":["84"],"_header_bild":["field_508fa023df3a4"],"_thumbnail_id":["723"],"_uag_css_file_name":["uag-css-476.css"],"_elementor_page_assets":["a:0:{}"]},"uagb_featured_image_src":{"full":["https:\/\/elbon.de\/wp-content\/uploads\/2025\/07\/header_schwerpunkte.jpg",601,200,false],"thumbnail":["https:\/\/elbon.de\/wp-content\/uploads\/2025\/07\/header_schwerpunkte-150x150.jpg",150,150,true],"medium":["https:\/\/elbon.de\/wp-content\/uploads\/2025\/07\/header_schwerpunkte-300x100.jpg",300,100,true],"medium_large":["https:\/\/elbon.de\/wp-content\/uploads\/2025\/07\/header_schwerpunkte.jpg",601,200,false],"large":["https:\/\/elbon.de\/wp-content\/uploads\/2025\/07\/header_schwerpunkte.jpg",601,200,false],"1536x1536":["https:\/\/elbon.de\/wp-content\/uploads\/2025\/07\/header_schwerpunkte.jpg",601,200,false],"2048x2048":["https:\/\/elbon.de\/wp-content\/uploads\/2025\/07\/header_schwerpunkte.jpg",601,200,false],"trp-custom-language-flag":["https:\/\/elbon.de\/wp-content\/uploads\/2025\/07\/header_schwerpunkte.jpg",18,6,false]},"uagb_author_info":{"display_name":"Willi Schneider","author_link":"https:\/\/elbon.de\/en\/author\/fedler\/"},"uagb_comment_info":0,"uagb_excerpt":"Im Folgenden ein Auszug, welche Supportleistungen in Ihrem Projekt gem\u00e4\u00df ISO 26262 m\u00f6glich sind. Wenn Sie Ihre Problemstellung hier nicht [&hellip;]","_links":{"self":[{"href":"https:\/\/elbon.de\/en\/wp-json\/wp\/v2\/pages\/476","targetHints":{"allow":["GET"]}}],"collection":[{"href":"https:\/\/elbon.de\/en\/wp-json\/wp\/v2\/pages"}],"about":[{"href":"https:\/\/elbon.de\/en\/wp-json\/wp\/v2\/types\/page"}],"author":[{"embeddable":true,"href":"https:\/\/elbon.de\/en\/wp-json\/wp\/v2\/users\/3"}],"replies":[{"embeddable":true,"href":"https:\/\/elbon.de\/en\/wp-json\/wp\/v2\/comments?post=476"}],"version-history":[{"count":0,"href":"https:\/\/elbon.de\/en\/wp-json\/wp\/v2\/pages\/476\/revisions"}],"up":[{"embeddable":true,"href":"https:\/\/elbon.de\/en\/wp-json\/wp\/v2\/pages\/13"}],"wp:featuredmedia":[{"embeddable":true,"href":"https:\/\/elbon.de\/en\/wp-json\/wp\/v2\/media\/723"}],"wp:attachment":[{"href":"https:\/\/elbon.de\/en\/wp-json\/wp\/v2\/media?parent=476"}],"curies":[{"name":"wp","href":"https:\/\/api.w.org\/{rel}","templated":true}]}}